{"id":177,"date":"2023-10-11T15:35:27","date_gmt":"2023-10-11T15:35:27","guid":{"rendered":"https:\/\/lyceejeanmace-vitry.fr\/?page_id=177"},"modified":"2023-10-11T15:35:42","modified_gmt":"2023-10-11T15:35:42","slug":"mention-complementaire-technicien-en-soudure","status":"publish","type":"page","link":"https:\/\/lyceejeanmace-vitry.fr\/?page_id=177","title":{"rendered":"Mention Compl\u00e9mentaire &#8211; Technicien en Soudure"},"content":{"rendered":"\n<p><\/p>\n\n\n\n<h3 class=\"wp-block-heading\"><strong><u>PR\u00c9SENTATION &amp; M\u00c9TIERS<\/u><\/strong><\/h3>\n\n\n\n<p><em>Ce dipl\u00f4me de niveau Bac+1 offre une sp\u00e9cialisation en soudage tr\u00e8s recherch\u00e9e par les entreprises. Le titulaire du dipl\u00f4me intervient en fabrication \u00e0 l\u2019atelier, sur chantier en France et \u00e0 l\u2019international.<\/em><\/p>\n\n\n\n<p>Il r\u00e9alise en autonomie des soudures qui r\u00e9pondent aux conditions prescrites par le cahier de soudage. Il utilise les outils informatiques pour calculer les param\u00e8tres de soudage, il est acteur de la politique qualit\u00e9 de l\u2019entreprise et respecte les r\u00e9glementations en vigueur. Il exerce ses activit\u00e9s au sein d\u2019entreprises artisanales ou industrielles dans les secteurs du b\u00e2timent et des travaux publics, de la construction a\u00e9ronautique et spatial, ferroviaire, navale et maritime, de l\u2019industrie sid\u00e9rurgique, nucl\u00e9aire et \u00e9nerg\u00e9tique, p\u00e9troli\u00e8re&#8230;<\/p>\n\n\n\n<p>Ses missions types&nbsp;:<\/p>\n\n\n\n<ul class=\"wp-block-list\">\n<li>pr\u00e9paration des interventions de soudage (outils, \u00e9l\u00e9ments \u00e0 souder, protections).<\/li>\n\n\n\n<li>mise en \u0153uvre des proc\u00e9d\u00e9s de soudage, manuels ou robotis\u00e9s.&nbsp;<\/li>\n\n\n\n<li>maintenance des \u00e9quipements de soudage.<\/li>\n<\/ul>\n\n\n\n<p>Avec de l\u2019exp\u00e9rience, il ou elle peut \u00e9voluer vers des fonctions de chef d\u2019\u00e9quipe, d\u2019atelier, de chantier.<\/p>\n\n\n\n<h3 class=\"wp-block-heading\"><strong><u>LA FORMATION<\/u><\/strong><\/h3>\n\n\n\n<p><em>Pour celui ou celle qui souhaite int\u00e9grer la Mention Compl\u00e9mentaire, deux options sont possibles&nbsp;:<\/em><\/p>\n\n\n\n<ul class=\"wp-block-list\">\n<li><strong><u>La formation initiale au lyc\u00e9e&nbsp;:<\/u><\/strong><\/li>\n<\/ul>\n\n\n\n<p>Elle se d\u00e9roule sur un an, comprenant 16 semaines de stage en entreprise. Mati\u00e8res enseign\u00e9es&nbsp;:<\/p>\n\n\n\n<ul class=\"wp-block-list\">\n<li>5% Communication fran\u00e7ais &amp; anglais<\/li>\n\n\n\n<li>10% Math\u00e9matiques<\/li>\n\n\n\n<li>85% Technologie &amp; mise en \u0153uvre des proc\u00e9d\u00e9s d\u2019assemblage<\/li>\n\n\n\n<li><strong><u>La formation en alternance&nbsp;:<\/u><\/strong><\/li>\n<\/ul>\n\n\n\n<p>En p\u00e9riode de cours l\u2019apprenti suit les m\u00eames enseignements que l\u2019\u00e9tudiant en initiale, compl\u00e9t\u00e9s d\u2019un temps en entreprise. Alors que ses coll\u00e8gues \u00e9tudiants sont en stage, l\u2019apprenti est employ\u00e9 \u00e0 temps plein dans son entreprise.<\/p>\n\n\n\n<p>Principal avantage de l\u2019alternance, les frais de scolarit\u00e9 sont pay\u00e9s par l\u2019entreprise qui l\u2019emploie et par l\u2019\u00c9tat. Il re\u00e7oit un salaire en fonction de son \u00e2ge et du contrat sign\u00e9 avec l\u2019entreprise.<\/p>\n\n\n\n<p>L\u2019apprenti est consid\u00e9r\u00e9 comme un salari\u00e9 \u00e0 part enti\u00e8re et est soumis aux m\u00eame obligations l\u00e9gales que les autres salari\u00e9s \u00e0 35 heures de travail hebdomadaires. Il a les m\u00eames droits&nbsp;: cong\u00e9s pay\u00e9s, tickets restaurant, primes, emboursement des frais de transport, compl\u00e9mentaire sant\u00e9&#8230;<\/p>\n\n\n\n<h3 class=\"wp-block-heading\"><strong><u>PR\u00c9REQUIS<\/u><\/strong><\/h3>\n\n\n\n<figure class=\"wp-block-table\"><table><tbody><tr><td><strong>Niveau d\u2019admission<\/strong> Bac professionnel dans les sp\u00e9cialit\u00e9s suivantes&nbsp;: Technicien en Chaudronnerie Industrielle Technicien d\u2019Usinage Maintenance des Equipements Industriels Ouvrages du B\u00e2timent&nbsp;: M\u00e9tallerie Construction des carrosseries A\u00e9ronautique option&nbsp;: structure Environnement nucl\u00e9aire<\/td><td><strong>Comp\u00e9tences requises<\/strong> Rigueur, m\u00e9thode, organisation Motricit\u00e9 fine d\u00e9velopp\u00e9e M\u00e9ticulosit\u00e9<\/td><\/tr><\/tbody><\/table><\/figure>\n\n\n\n<p><em>Rappel&nbsp;: il est donc possible de r\u00e9aliser cette Mention Compl\u00e9mentaire sous statut &#8220;\u00e9tudiant&#8221; ou sous statut &#8220;apprenti&#8221; avec le CFA acad\u00e9mique et sous r\u00e9serve d\u2019un contrat avec une entreprise.<\/em><\/p>\n","protected":false},"excerpt":{"rendered":"<p>PR\u00c9SENTATION &amp; M\u00c9TIERS Ce dipl\u00f4me de niveau Bac+1 offre une sp\u00e9cialisation en soudage tr\u00e8s recherch\u00e9e par les entreprises. Le titulaire<\/p>\n","protected":false},"author":3,"featured_media":0,"parent":0,"menu_order":2,"comment_status":"closed","ping_status":"closed","template":"","meta":{"footnotes":""},"class_list":["post-177","page","type-page","status-publish","hentry"],"_links":{"self":[{"href":"https:\/\/lyceejeanmace-vitry.fr\/index.php?rest_route=\/wp\/v2\/pages\/177","targetHints":{"allow":["GET"]}}],"collection":[{"href":"https:\/\/lyceejeanmace-vitry.fr\/index.php?rest_route=\/wp\/v2\/pages"}],"about":[{"href":"https:\/\/lyceejeanmace-vitry.fr\/index.php?rest_route=\/wp\/v2\/types\/page"}],"author":[{"embeddable":true,"href":"https:\/\/lyceejeanmace-vitry.fr\/index.php?rest_route=\/wp\/v2\/users\/3"}],"replies":[{"embeddable":true,"href":"https:\/\/lyceejeanmace-vitry.fr\/index.php?rest_route=%2Fwp%2Fv2%2Fcomments&post=177"}],"version-history":[{"count":1,"href":"https:\/\/lyceejeanmace-vitry.fr\/index.php?rest_route=\/wp\/v2\/pages\/177\/revisions"}],"predecessor-version":[{"id":178,"href":"https:\/\/lyceejeanmace-vitry.fr\/index.php?rest_route=\/wp\/v2\/pages\/177\/revisions\/178"}],"wp:attachment":[{"href":"https:\/\/lyceejeanmace-vitry.fr\/index.php?rest_route=%2Fwp%2Fv2%2Fmedia&parent=177"}],"curies":[{"name":"wp","href":"https:\/\/api.w.org\/{rel}","templated":true}]}}