{"id":179,"date":"2023-10-11T15:36:56","date_gmt":"2023-10-11T15:36:56","guid":{"rendered":"https:\/\/lyceejeanmace-vitry.fr\/?page_id=179"},"modified":"2023-10-11T15:36:56","modified_gmt":"2023-10-11T15:36:56","slug":"bts-conception-et-realisation-en-chaudronnerie-industrielle-crci","status":"publish","type":"page","link":"https:\/\/lyceejeanmace-vitry.fr\/?page_id=179","title":{"rendered":"BTS Conception et R\u00e9alisation en Chaudronnerie Industrielle (CRCI)"},"content":{"rendered":"\n<p><strong><em>Le Technicien Sup\u00e9rieur en Chaudronnerie Industrielle peut travailler \u00e0 la conception, la fabrication, la maintenance, voire la commercialisation de tout ouvrage ou bien d\u2019\u00e9quipement compos\u00e9 d\u2019une structure m\u00e9tallique.<\/em><\/strong><\/p>\n\n\n\n<p>Il peut exercer ses fonctions dans des bureaux d\u2019\u00e9tudes, d\u2019organisation et de gestion de production. Il peut \u00e9galement travailler en atelier ou sur des chantiers. Son niveau de formation g\u00e9n\u00e9rale technique, scientifique, \u00e9conomique lui permet d\u2019assumer la charge de collaborateur direct du responsable de l\u2019entreprise ou de l\u2019unit\u00e9 de production.<\/p>\n\n\n\n<h3 class=\"wp-block-heading\"><strong><u>LA FORMATION<\/u><\/strong><\/h3>\n\n\n\n<p><strong>La Formation au Lyc\u00e9e&nbsp;:<\/strong><\/p>\n\n\n\n<p>La formation s\u2019\u00e9chelonne sur deux ann\u00e9es comprenant 8 semaines de stage en entreprise en fin de premi\u00e8re ann\u00e9e&nbsp;:<\/p>\n\n\n\n<ul class=\"wp-block-list\">\n<li>Enseignement g\u00e9n\u00e9ral&nbsp;: math\u00e9matiques, fran\u00e7ais, anglais, \u00e9conomie et gestion d\u2019entreprise.<\/li>\n\n\n\n<li>Enseignement technologique et professionnel&nbsp;: projet (bureau d\u2019\u00e9tudes), analyse, projet (atelier), technologie.<\/li>\n<\/ul>\n\n\n\n<p><strong>La Formation en Alternance&nbsp;:<\/strong><\/p>\n\n\n\n<p>La formation se d\u00e9roule entre des cours th\u00e9oriques au sein de l\u2019\u00e9tablissement et plusieurs p\u00e9riodes en entreprise&nbsp;: en g\u00e9n\u00e9ral&nbsp;: deux semaines en entreprise, deux semaines au lyc\u00e9e. Principal avantage de la formule, les frais de scolarit\u00e9 sont pay\u00e9s par l\u2019entreprise qui vous emploie et par l\u2019\u00c9tat. Vous recevez un salaire en fonction de votre \u00e2ge et du contrat sign\u00e9 avec l\u2019entreprise. Mais plus qu\u2019un simple choix d\u2019\u00e9tudes, l\u2019alternance est un v\u00e9ritable choix de vie. Vous \u00eates consid\u00e9r\u00e9 comme un salari\u00e9 \u00e0 part enti\u00e8re dans l\u2019entreprise dans laquelle vous travaillez. Vous \u00eates soumis aux m\u00eames obligations l\u00e9gales que les autres salari\u00e9s 35 heures de travail hebdomadaire, vous avez les m\u00eames droits&nbsp;: cong\u00e9s pay\u00e9s, tickets restaurant, primes, remboursement des frais de transport, compl\u00e9mentaire sant\u00e9&#8230;<\/p>\n\n\n\n<h3 class=\"wp-block-heading\"><strong><u>PR\u00c9REQUIS<\/u><\/strong><\/h3>\n\n\n\n<p>\u00catre titulaire d\u2019un baccalaur\u00e9at g\u00e9n\u00e9ral S option Sciences de l\u2019Ing\u00e9nieur, technologie STI2D, professionnel Technicien en Chaudronnerie Industrielle (TCI) ou d\u2019un dipl\u00f4me de niveau IV industriel.<\/p>\n\n\n\n<p>Qualit\u00e9s requises&nbsp;: Polyvalence, autonomie, esprit m\u00e9thodique et rigoureux, sens de l\u2019initiative et de l\u2019organisation, esprit d\u2019analyse.<\/p>\n\n\n\n<p>Nous vous proposons de r\u00e9aliser ce BTS sous statut \u00ab&nbsp;\u00e9tudiant&nbsp;\u00bb ou sous statut \u00ab&nbsp;apprenti&nbsp;\u00bb avec le CFA acad\u00e9mique et sous r\u00e9serve d\u2019un contrat avec une entreprise.<\/p>\n","protected":false},"excerpt":{"rendered":"<p>Le Technicien Sup\u00e9rieur en Chaudronnerie Industrielle peut travailler \u00e0 la conception, la fabrication, la maintenance, voire la commercialisation de tout<\/p>\n","protected":false},"author":3,"featured_media":0,"parent":0,"menu_order":2,"comment_status":"closed","ping_status":"closed","template":"","meta":{"footnotes":""},"class_list":["post-179","page","type-page","status-publish","hentry"],"_links":{"self":[{"href":"https:\/\/lyceejeanmace-vitry.fr\/index.php?rest_route=\/wp\/v2\/pages\/179","targetHints":{"allow":["GET"]}}],"collection":[{"href":"https:\/\/lyceejeanmace-vitry.fr\/index.php?rest_route=\/wp\/v2\/pages"}],"about":[{"href":"https:\/\/lyceejeanmace-vitry.fr\/index.php?rest_route=\/wp\/v2\/types\/page"}],"author":[{"embeddable":true,"href":"https:\/\/lyceejeanmace-vitry.fr\/index.php?rest_route=\/wp\/v2\/users\/3"}],"replies":[{"embeddable":true,"href":"https:\/\/lyceejeanmace-vitry.fr\/index.php?rest_route=%2Fwp%2Fv2%2Fcomments&post=179"}],"version-history":[{"count":1,"href":"https:\/\/lyceejeanmace-vitry.fr\/index.php?rest_route=\/wp\/v2\/pages\/179\/revisions"}],"predecessor-version":[{"id":180,"href":"https:\/\/lyceejeanmace-vitry.fr\/index.php?rest_route=\/wp\/v2\/pages\/179\/revisions\/180"}],"wp:attachment":[{"href":"https:\/\/lyceejeanmace-vitry.fr\/index.php?rest_route=%2Fwp%2Fv2%2Fmedia&parent=179"}],"curies":[{"name":"wp","href":"https:\/\/api.w.org\/{rel}","templated":true}]}}