{"id":183,"date":"2023-10-11T15:38:54","date_gmt":"2023-10-11T15:38:54","guid":{"rendered":"https:\/\/lyceejeanmace-vitry.fr\/?page_id=183"},"modified":"2025-03-10T12:30:39","modified_gmt":"2025-03-10T12:30:39","slug":"bts-electrotechnique-et-en-apprentissage","status":"publish","type":"page","link":"https:\/\/lyceejeanmace-vitry.fr\/?page_id=183","title":{"rendered":"BTS \u00c9lectrotechnique (ET) en apprentissage"},"content":{"rendered":"\n<p>Le BTS \u00c9lectrotechnique (ET) du lyc\u00e9e Jean Mac\u00e9 se fait par apprentissage en alternance.<br><br>Coloration \u00ab r\u00e9seaux \u00e9lectriques pour la transition \u00e9nerg\u00e9tique \u00bb<\/p>\n\n\n\n<h3 class=\"wp-block-heading\"><strong><u>D\u00c9BOUCH\u00c9S &amp; M\u00c9TIERS<\/u><\/strong><\/h3>\n\n\n\n<p><strong><em>Le B.T.S. \u00ab&nbsp;\u00c9LECTROTECHNIQUE&nbsp;\u00bb pr\u00e9pare l\u2019apprenti \u00e0 devenir un sp\u00e9cialiste de l\u2019\u00e9tude, de la mise en \u0153uvre, de l\u2019utilisation et de la maintenance des \u00e9quipements \u00e9lectriques. Ces \u00e9quipements, de plus en plus sophistiqu\u00e9s en raison de l\u2019\u00e9volution des technologies de l\u2019informatique et de l\u2019\u00e9lectronique, peuvent faire intervenir des proc\u00e9d\u00e9s de pneumatique, d\u2019hydraulique, d\u2019optique&#8230;<\/em><\/strong><\/p>\n\n\n\n<p>Le technicien sup\u00e9rieur \u00ab&nbsp;\u00c9LECTROTECHNICIEN&nbsp;\u00bb peut exercer son activit\u00e9 dans diff\u00e9rents secteurs tels que la production et la transformation de l\u2019\u00e9nergie, les \u00e9quipements et le contr\u00f4le industriels, les automatismes et la gestion technique du b\u00e2timent, le froid, l\u2019agroalimentaire ou certains \u00e9quipements publics. Il peut travailler en bureau d\u2019\u00e9tudes, en atelier de fabrication, sur des chantiers, comme charg\u00e9 d\u2019affaires ou technicocommercial, comme technicien de service apr\u00e8s-vente \u2026 Il est \u00e9galement en contact avec les responsables de divers domaines&nbsp;: m\u00e9canique, climatique, g\u00e9nie civil, etc. Il peut \u00e9voluer vers des postes d\u2019encadrement.<\/p>\n\n\n\n<p>Le B.T.S. est un dipl\u00f4me con\u00e7u pour une insertion professionnelle. Cependant, avec un bon dossier, il est possible de poursuivre en licence professionnelle (du domaine de l\u2019\u00e9nergie, des automatismes, des charg\u00e9s d\u2019affaire &#8230;), en licence LMD (\u00c9lectronique, \u00e9lectrotechnique et automatique (EEA) par exemple) ou d\u2019int\u00e9grer une \u00e9cole d\u2019ing\u00e9nieur en passant \u00e9ventuellement par une classe pr\u00e9paratoire technologie industrielle post-bac+2 ATS (adaptation technicien sup\u00e9rieur).<\/p>\n\n\n\n<h3 class=\"wp-block-heading\"><strong><u>LA FORMATION<\/u><\/strong><\/h3>\n\n\n\n<p>La formation dure deux ann\u00e9es scolaires \u00e0 raison de 675 heures par an (minimum) et 35 heures de cours par semaine en Unit\u00e9 de Formation (U.F.A.). Elle se d\u00e9roule selon un calendrier de l\u2019alternance (rythme 1 semaine \/ 1 semaine avec d\u00e9rogations pour les vacances scolaires). Le reste du temps, l\u2019apprenti est dans l\u2019entreprise pour ex\u00e9cuter les travaux qui lui sont confi\u00e9s sous la responsabilit\u00e9 et l\u2019aide d\u2019un tuteur. L\u2019apprenti suit les m\u00eames cours et passe les m\u00eames \u00e9preuves qu\u2019un \u00e9tudiant sous statut scolaire. Par contre, le projet industriel de deuxi\u00e8me ann\u00e9e est r\u00e9alis\u00e9 en entreprise.<\/p>\n\n\n\n<h3 class=\"wp-block-heading\"><strong><u>PR\u00c9REQUIS<\/u><\/strong><\/h3>\n\n\n\n<ul class=\"wp-block-list\">\n<li>Avoir entre 16 et 25 ans.<\/li>\n\n\n\n<li>\u00catre titulaire \u00e0 l\u2019inscription soit d\u2019un bac S option Sciences de l\u2019Ing\u00e9nieur, soit d\u2019un bac technologique S.T.I. G\u00e9nie \u00e9lectrotechnique, d\u2019un bac technologique STI2D sp\u00e9cialit\u00e9 EE ou d\u2019un bac pro MELEC ou M.E.I.<\/li>\n\n\n\n<li>Avoir sign\u00e9 un contrat d\u2019apprentissage avec un employeur. Il s\u2019agit d\u2019un contrat de travail de type particulier qui est conclu avec un employeur, le futur apprenti et, s\u2019il est mineur, son repr\u00e9sentant l\u00e9gal. L\u2019apprenti a les m\u00eames droits et devoirs que tout salari\u00e9 de l\u2019entreprise. Il b\u00e9n\u00e9ficie aussi des m\u00eames avantages (remboursement du titre de transport par exemple). Le contrat d\u2019apprentissage est de deux ans maximum.<\/li>\n\n\n\n<li>\u00catre en possession d\u2019une carte d\u2019identit\u00e9 ou d\u2019un titre de s\u00e9jour autorisant \u00e0 travailler.<\/li>\n<\/ul>\n\n\n\n<p>Les qualit\u00e9s inh\u00e9rentes \u00e0 cette sp\u00e9cialit\u00e9 sont la conscience professionnelle, l\u2019autonomie, l\u2019esprit d\u2019initiative et l\u2019adaptabilit\u00e9.<\/p>\n\n\n\n<div data-wp-interactive=\"core\/file\" class=\"wp-block-file\"><object data-wp-bind--hidden=\"!state.hasPdfPreview\" hidden class=\"wp-block-file__embed\" data=\"https:\/\/lyceejeanmace-vitry.fr\/wp-content\/uploads\/2025\/03\/Coloration-ecoles-des-reseaux-_-Elements-de-langage-pour-les-sites-internet-des-etablissements-_-BTS.pdf\" type=\"application\/pdf\" style=\"width:100%;height:1010px\" aria-label=\"Contenu embarqu\u00e9 Coloration \u00e9coles des r\u00e9seaux _ El\u00e9ments de langage pour les sites internet des \u00e9tablissements _ BTS.\"><\/object><a id=\"wp-block-file--media-02733fe8-8856-4760-a2ea-2348e2fcae85\" href=\"https:\/\/lyceejeanmace-vitry.fr\/wp-content\/uploads\/2025\/03\/Coloration-ecoles-des-reseaux-_-Elements-de-langage-pour-les-sites-internet-des-etablissements-_-BTS.pdf\">Coloration \u00e9coles des r\u00e9seaux _ El\u00e9ments de langage pour les sites internet des \u00e9tablissements _ BTS<\/a><a href=\"https:\/\/lyceejeanmace-vitry.fr\/wp-content\/uploads\/2025\/03\/Coloration-ecoles-des-reseaux-_-Elements-de-langage-pour-les-sites-internet-des-etablissements-_-BTS.pdf\" class=\"wp-block-file__button wp-element-button\" download aria-describedby=\"wp-block-file--media-02733fe8-8856-4760-a2ea-2348e2fcae85\">T\u00e9l\u00e9charger<\/a><\/div>\n","protected":false},"excerpt":{"rendered":"<p>Le BTS \u00c9lectrotechnique (ET) du lyc\u00e9e Jean Mac\u00e9 se fait par apprentissage en alternance. Coloration \u00ab r\u00e9seaux \u00e9lectriques pour la<\/p>\n","protected":false},"author":3,"featured_media":0,"parent":0,"menu_order":2,"comment_status":"closed","ping_status":"closed","template":"","meta":{"footnotes":""},"class_list":["post-183","page","type-page","status-publish","hentry"],"_links":{"self":[{"href":"https:\/\/lyceejeanmace-vitry.fr\/index.php?rest_route=\/wp\/v2\/pages\/183","targetHints":{"allow":["GET"]}}],"collection":[{"href":"https:\/\/lyceejeanmace-vitry.fr\/index.php?rest_route=\/wp\/v2\/pages"}],"about":[{"href":"https:\/\/lyceejeanmace-vitry.fr\/index.php?rest_route=\/wp\/v2\/types\/page"}],"author":[{"embeddable":true,"href":"https:\/\/lyceejeanmace-vitry.fr\/index.php?rest_route=\/wp\/v2\/users\/3"}],"replies":[{"embeddable":true,"href":"https:\/\/lyceejeanmace-vitry.fr\/index.php?rest_route=%2Fwp%2Fv2%2Fcomments&post=183"}],"version-history":[{"count":3,"href":"https:\/\/lyceejeanmace-vitry.fr\/index.php?rest_route=\/wp\/v2\/pages\/183\/revisions"}],"predecessor-version":[{"id":827,"href":"https:\/\/lyceejeanmace-vitry.fr\/index.php?rest_route=\/wp\/v2\/pages\/183\/revisions\/827"}],"wp:attachment":[{"href":"https:\/\/lyceejeanmace-vitry.fr\/index.php?rest_route=%2Fwp%2Fv2%2Fmedia&parent=183"}],"curies":[{"name":"wp","href":"https:\/\/api.w.org\/{rel}","templated":true}]}}