{"id":185,"date":"2023-10-11T15:40:23","date_gmt":"2023-10-11T15:40:23","guid":{"rendered":"https:\/\/lyceejeanmace-vitry.fr\/?page_id=185"},"modified":"2023-10-11T15:40:23","modified_gmt":"2023-10-11T15:40:23","slug":"bts-maintenance-des-systemes-ms","status":"publish","type":"page","link":"https:\/\/lyceejeanmace-vitry.fr\/?page_id=185","title":{"rendered":"BTS Maintenance des Syst\u00e8mes (MS)"},"content":{"rendered":"\n<p><strong><u>D\u00c9BOUCH\u00c9S &amp; M\u00c9TIERS<\/u><\/strong><\/p>\n\n\n\n<p><strong><em>Le BTS Maintenance donne acc\u00e8s au m\u00e9tier de technicien sup\u00e9rieur en charge de la maintenance des syst\u00e8mes. Le m\u00e9tier s\u2019exerce principalement dans les entreprises faisant appel \u00e0 des comp\u00e9tences pluritechniques (\u00e9lectrotechnique, m\u00e9canique, automatique, hydraulique), notamment les grandes entreprises de production industrielle, les PME\/PMI de production industrielle, les entreprises sp\u00e9cialis\u00e9es de maintenance.<\/em><\/strong><\/p>\n\n\n\n<p>Le titulaire du BTS prend en charge&nbsp;: -* les interventions de terrain, -* l\u2019organisation des interventions et le dialogue avec les intervenants ext\u00e9rieurs.<\/p>\n\n\n\n<p>Sa ma\u00eetrise du fonctionnement et de la constitution des \u00e9quipements industriels en font un interlocuteur privil\u00e9gi\u00e9 pour la production. Il est amen\u00e9 \u00e0 g\u00e9rer et encadrer une \u00e9quipe de techniciens de maintenance (Titulaires de bac professionnel). L\u2019objectif du BTS est l\u2019insertion professionnelle m\u00eame si la poursuite d\u2019\u00e9tudes est envisageable (Licence professionnelle, Classe pr\u00e9paratoire Adaptation Technicien Sup\u00e9rieur, Ecole d\u2019ing\u00e9nieur, \u2026).<\/p>\n\n\n\n<h3 class=\"wp-block-heading\"><strong><u>LA FORMATION<\/u><\/strong><\/h3>\n\n\n\n<p><em>La formation se d\u00e9roule sur une dur\u00e9e de 2 ans et comprend 10 \u00e0 11 semaines de stage en entreprise. Elle est organis\u00e9e autour de 7 \u00e0 8 enseignants avec 15 \u00e9tudiants par ann\u00e9e.<\/em><\/p>\n\n\n\n<p>Le BTS Maintenance des Syst\u00e8mes comprend 3 sp\u00e9cialit\u00e9s (Maintenance des syst\u00e8mes de production, Maintenance des syst\u00e8mes \u00e9oliens, Maintenance des syst\u00e8mes \u00e9nerg\u00e9tiques et fluidiques). Le lyc\u00e9e Jean Mac\u00e9 a en charge la sp\u00e9cialit\u00e9 Maintenance des syst\u00e8mes de production. La formation se d\u00e9cline en 3 p\u00f4les&nbsp;: Un p\u00f4le enseignement g\u00e9n\u00e9ral (Culture g\u00e9n\u00e9rale et expression, Anglais, Math\u00e9matiques, Physique et chimie), un p\u00f4le enseignement technique (Etude pluri-technique des syst\u00e8mes) et un p\u00f4le enseignement professionnel (Organisation de la maintenance,Techniques de maintenance, conduite, pr\u00e9vention) Le laboratoire de maintenance des syst\u00e8mes est situ\u00e9 sur le site Tr\u00e9moulet et une majorit\u00e9 des enseignements (P\u00f4le professionnel, p\u00f4le technique) se d\u00e9roule dans cet espace d\u00e9di\u00e9 au BTS MS.<\/p>\n\n\n\n<h3 class=\"wp-block-heading\"><strong><u>PR\u00c9REQUIS<\/u><\/strong><\/h3>\n\n\n\n<p>Une formation technique est tr\u00e8s conseill\u00e9e&nbsp;: Bac STI2D ou Bac Pro industriel.<\/p>\n\n\n\n<p>Les qualit\u00e9s n\u00e9cessaires pour r\u00e9ussir ce BTS sont&nbsp;: Curiosit\u00e9, int\u00e9r\u00eat professionnel, motivation et travail r\u00e9gulier.<\/p>\n\n\n\n<p>Un int\u00e9r\u00eat pour le domaine de la maintenance industrielle est \u00e9galement important.<\/p>\n","protected":false},"excerpt":{"rendered":"<p>D\u00c9BOUCH\u00c9S &amp; M\u00c9TIERS Le BTS Maintenance donne acc\u00e8s au m\u00e9tier de technicien sup\u00e9rieur en charge de la maintenance des syst\u00e8mes.<\/p>\n","protected":false},"author":3,"featured_media":0,"parent":0,"menu_order":2,"comment_status":"closed","ping_status":"closed","template":"","meta":{"footnotes":""},"class_list":["post-185","page","type-page","status-publish","hentry"],"_links":{"self":[{"href":"https:\/\/lyceejeanmace-vitry.fr\/index.php?rest_route=\/wp\/v2\/pages\/185","targetHints":{"allow":["GET"]}}],"collection":[{"href":"https:\/\/lyceejeanmace-vitry.fr\/index.php?rest_route=\/wp\/v2\/pages"}],"about":[{"href":"https:\/\/lyceejeanmace-vitry.fr\/index.php?rest_route=\/wp\/v2\/types\/page"}],"author":[{"embeddable":true,"href":"https:\/\/lyceejeanmace-vitry.fr\/index.php?rest_route=\/wp\/v2\/users\/3"}],"replies":[{"embeddable":true,"href":"https:\/\/lyceejeanmace-vitry.fr\/index.php?rest_route=%2Fwp%2Fv2%2Fcomments&post=185"}],"version-history":[{"count":1,"href":"https:\/\/lyceejeanmace-vitry.fr\/index.php?rest_route=\/wp\/v2\/pages\/185\/revisions"}],"predecessor-version":[{"id":186,"href":"https:\/\/lyceejeanmace-vitry.fr\/index.php?rest_route=\/wp\/v2\/pages\/185\/revisions\/186"}],"wp:attachment":[{"href":"https:\/\/lyceejeanmace-vitry.fr\/index.php?rest_route=%2Fwp%2Fv2%2Fmedia&parent=185"}],"curies":[{"name":"wp","href":"https:\/\/api.w.org\/{rel}","templated":true}]}}