{"id":187,"date":"2023-10-11T15:40:43","date_gmt":"2023-10-11T15:40:43","guid":{"rendered":"https:\/\/lyceejeanmace-vitry.fr\/?page_id=187"},"modified":"2023-10-11T15:40:50","modified_gmt":"2023-10-11T15:40:50","slug":"bts-management-commercial-operationnel-mco","status":"publish","type":"page","link":"https:\/\/lyceejeanmace-vitry.fr\/?page_id=187","title":{"rendered":"BTS Management Commercial Op\u00e9rationnel (MCO)"},"content":{"rendered":"\n<h3 class=\"wp-block-heading\"><strong><u>D\u00c9BOUCH\u00c9S &amp; M\u00c9TIERS<\/u><\/strong><\/h3>\n\n\n\n<p><strong><em>Le titulaire du brevet de technicien sup\u00e9rieur Management commercial op\u00e9rationnel (MCO) a pour perspective de prendre la responsabilit\u00e9 op\u00e9rationnelle de tout ou partie d\u2019une unit\u00e9 commerciale. Une unit\u00e9 commerciale est un lieu physique et\/ou virtuel permettant \u00e0 un client potentiel d\u2019acc\u00e9der \u00e0 une offre de produits ou de services.<\/em><\/strong><\/p>\n\n\n\n<p>Le titulaire du BTS MCO acc\u00e8de \u00e0 plusieurs niveaux de responsabilit\u00e9, en fonction de son exp\u00e9rience, de la taille de l\u2019organisation qui l\u2019emploie et des opportunit\u00e9s professionnelles qui s\u2019offrent \u00e0 lui. Il peut \u00eatre amen\u00e9 \u00e0 cr\u00e9er ou reprendre une unit\u00e9 commerciale en qualit\u00e9 d\u2019entrepreneur. Les appellations les plus courantes des emplois relevant du champ professionnel du dipl\u00f4me concern\u00e9 sont les suivantes&nbsp;:<\/p>\n\n\n\n<ul class=\"wp-block-list\">\n<li><strong>D\u00e8s l\u2019obtention du BTS&nbsp;:<\/strong> conseiller de vente et de services, charg\u00e9 de client\u00e8le, manageur adjoint, second de rayon, manageur d\u2019une unit\u00e9 commerciale de proximit\u00e9\u2026<\/li>\n\n\n\n<li><strong>Avec exp\u00e9rience&nbsp;:<\/strong> chef des ventes, chef de rayon, responsable e-commerce, responsable de drive, manageur relation client, manageur caisse, manageur de rayon, responsable adjoint, responsable de d\u00e9partement, de secteur, responsable d\u2019une unit\u00e9 commerciale\u2026 L\u2019objectif du BTS MCO est l\u2019insertion professionnelle, m\u00eame si la poursuite d\u2019\u00e9tudes est envisageable (licence professionnelle, \u00e9coles de commerce, licence g\u00e9n\u00e9rale etc.\u2026).<\/li>\n<\/ul>\n\n\n\n<h3 class=\"wp-block-heading\"><strong><u>LA FORMATION<\/u><\/strong><\/h3>\n\n\n\n<p><strong>La formation se d\u00e9roule sur une dur\u00e9e de 2 ans et comprend une p\u00e9riode de formation en milieu professionnel de 14 \u00e0 16 semaines. C\u2019est un dipl\u00f4me d\u2019\u00c9tat de niveau 3.<\/strong><\/p>\n\n\n\n<p>L\u2019objectif de la formation est de former de futurs manageurs de point de vente, capables \u00e0 la fois de manager une \u00e9quipe, de g\u00e9rer la client\u00e8le, d\u2019animer l\u2019offre de produits et de services, mais aussi de rechercher et d\u2019exploiter l\u2019information commerciale n\u00e9cessaire \u00e0 leur activit\u00e9. Pour acqu\u00e9rir ces comp\u00e9tences, les enseignements s\u2019articulent autour de deux p\u00f4les&nbsp;:<\/p>\n\n\n\n<ul class=\"wp-block-list\">\n<li><strong>Un p\u00f4le professionnel&nbsp;:<\/strong> qui englobe des enseignements tels que l\u2019Animation et la Dynamisation de l\u2019offre, le D\u00e9veloppement de la Relation client et Vente Conseil, la Gestion Op\u00e9rationnelle ou encore le Management de l\u2019\u00c9quipe Commerciale.<\/li>\n\n\n\n<li><strong>Un p\u00f4le g\u00e9n\u00e9ral&nbsp;:<\/strong> qui englobent des enseignements tels que la Culture G\u00e9n\u00e9rale, la Culture \u00c9conomique, Juridique et Manag\u00e9riale ainsi qu\u2019une Langue Vivante \u00c9trang\u00e8re.<\/li>\n<\/ul>\n\n\n\n<h3 class=\"wp-block-heading\"><strong><u>PR\u00c9REQUIS<\/u><\/strong><\/h3>\n\n\n\n<p>Cette formation s\u2019adresse aux titulaires d\u2019un baccalaur\u00e9at STMG, Professionnel ou G\u00e9n\u00e9ral. Les aptitudes indispensables pour s\u2019assurer une r\u00e9ussite et s\u2019\u00e9panouir au sein de cette fili\u00e8re sont&nbsp;:<\/p>\n\n\n\n<ul class=\"wp-block-list\">\n<li>L\u2019envie de faire du commerce<\/li>\n\n\n\n<li>Un go\u00fbt prononc\u00e9 pour le relationnel<\/li>\n\n\n\n<li>Le sens du travail en \u00e9quipe<\/li>\n\n\n\n<li>Faire preuve d\u2019autonomie et d\u2019organisation<\/li>\n\n\n\n<li>Avoir un esprit d\u2019initiative<\/li>\n\n\n\n<li>Curiosit\u00e9 et dynamisme<\/li>\n<\/ul>\n","protected":false},"excerpt":{"rendered":"<p>D\u00c9BOUCH\u00c9S &amp; M\u00c9TIERS Le titulaire du brevet de technicien sup\u00e9rieur Management commercial op\u00e9rationnel (MCO) a pour perspective de prendre la<\/p>\n","protected":false},"author":3,"featured_media":0,"parent":0,"menu_order":2,"comment_status":"closed","ping_status":"closed","template":"","meta":{"footnotes":""},"class_list":["post-187","page","type-page","status-publish","hentry"],"_links":{"self":[{"href":"https:\/\/lyceejeanmace-vitry.fr\/index.php?rest_route=\/wp\/v2\/pages\/187","targetHints":{"allow":["GET"]}}],"collection":[{"href":"https:\/\/lyceejeanmace-vitry.fr\/index.php?rest_route=\/wp\/v2\/pages"}],"about":[{"href":"https:\/\/lyceejeanmace-vitry.fr\/index.php?rest_route=\/wp\/v2\/types\/page"}],"author":[{"embeddable":true,"href":"https:\/\/lyceejeanmace-vitry.fr\/index.php?rest_route=\/wp\/v2\/users\/3"}],"replies":[{"embeddable":true,"href":"https:\/\/lyceejeanmace-vitry.fr\/index.php?rest_route=%2Fwp%2Fv2%2Fcomments&post=187"}],"version-history":[{"count":1,"href":"https:\/\/lyceejeanmace-vitry.fr\/index.php?rest_route=\/wp\/v2\/pages\/187\/revisions"}],"predecessor-version":[{"id":188,"href":"https:\/\/lyceejeanmace-vitry.fr\/index.php?rest_route=\/wp\/v2\/pages\/187\/revisions\/188"}],"wp:attachment":[{"href":"https:\/\/lyceejeanmace-vitry.fr\/index.php?rest_route=%2Fwp%2Fv2%2Fmedia&parent=187"}],"curies":[{"name":"wp","href":"https:\/\/api.w.org\/{rel}","templated":true}]}}