{"id":303,"date":"2024-01-17T11:57:10","date_gmt":"2024-01-17T11:57:10","guid":{"rendered":"https:\/\/lyceejeanmace-vitry.fr\/?page_id=303"},"modified":"2024-11-04T12:18:02","modified_gmt":"2024-11-04T12:18:02","slug":"bac-pro-tci","status":"publish","type":"page","link":"https:\/\/lyceejeanmace-vitry.fr\/?page_id=303","title":{"rendered":"BAC PRO TCI"},"content":{"rendered":"\n<figure class=\"wp-block-embed is-type-video is-provider-youtube wp-block-embed-youtube wp-embed-aspect-16-9 wp-has-aspect-ratio\"><div class=\"wp-block-embed__wrapper\">\n<iframe loading=\"lazy\" title=\"Pr\u00e9sentation des fili\u00e8res TCI et CRCI lyc\u00e9e Jean Mac\u00e9\" width=\"800\" height=\"450\" src=\"https:\/\/www.youtube.com\/embed\/QZABDHtXXkI?feature=oembed\" frameborder=\"0\" allow=\"accelerometer; autoplay; clipboard-write; encrypted-media; gyroscope; picture-in-picture; web-share\" referrerpolicy=\"strict-origin-when-cross-origin\" allowfullscreen><\/iframe>\n<\/div><\/figure>\n\n\n\n<p><strong><em>Le Baccalaur\u00e9at Professionnel Technicien en Chaudronnerie Industrielle pr\u00e9pare l\u2019\u00e9l\u00e8ve \u00e0 exercer les m\u00e9tiers li\u00e9s \u00e0 la chaudronnerie et la tuyauterie industrielle.<\/em><\/strong> <strong>Qu\u2019est-ce que la chaudronnerie&nbsp;?<\/strong><\/p>\n\n\n\n<p>Technicien de fabrication ou de maintenance, il sera amen\u00e9 \u00e0 travailler en atelier comme en chantier. Plus particuli\u00e8rement, il assurera des op\u00e9rations de travail des m\u00e9taux&nbsp;: d\u00e9coupage, mise en forme et assemblage au sein d\u2019un processus de fabrication souvent complexe. Il aura en charge les op\u00e9rations de programmation et de mise en \u0153uvre de machines \u00e0 commandes num\u00e9riques. De surcro\u00eet, le laur\u00e9at du Bac Pro TCI peut pr\u00e9tendre occuper un poste dans diff\u00e9rents m\u00e9tiers li\u00e9s au m\u00e9tal (m\u00e9talliers, soudeurs\u2026) et \u00e0 diff\u00e9rents niveaux dans l\u2019entreprise (op\u00e9rateur, programmateur, responsable de secteur, service qualit\u00e9\u2026). Les \u00e9volutions de carri\u00e8res sont multiples. Ce domaine est un des rares a toujours cr\u00e9er de l\u2019emploi.<\/p>\n\n\n\n<h3 class=\"wp-block-heading\"><strong><u>LA FORMATION<\/u><\/strong><\/h3>\n\n\n\n<p><em>La formation se d\u00e9roule sur une dur\u00e9e de 3 ans comprenant 22 semaines de p\u00e9riodes de formation en milieu professionnel.<\/em><\/p>\n\n\n\n<p>Au lyc\u00e9e, l\u2019enseignement est bas\u00e9 sur un solide socle professionnel (cours de Technologie, Communication Technique, Fabrication).<\/p>\n\n\n\n<p>L\u2019enseignement g\u00e9n\u00e9ral n\u2019est pour autant pas n\u00e9glig\u00e9. La pluridisciplinarit\u00e9 est par ailleurs fr\u00e9quemment utilis\u00e9e et toutes les mati\u00e8res peuvent \u00eatre amen\u00e9es \u00e0 \u00e9tudier un unique th\u00e8me de travail, g\u00e9n\u00e9ralement \u00e0 finalit\u00e9 professionnelle.<\/p>\n\n\n\n<p>Les cours d\u2019enseignement professionnel sont articul\u00e9s autours de trois temps forts&nbsp;:<\/p>\n\n\n\n<ul class=\"wp-block-list\">\n<li>Cours th\u00e9oriques,<\/li>\n\n\n\n<li>Travaux Pratique et fabrication,<\/li>\n\n\n\n<li>Projets.<\/li>\n<\/ul>\n\n\n\n<p>L\u2019usage de l\u2019informatique et l\u2019apprentissage d\u2019outils de Dessin Assist\u00e9 par Ordinateur sont le propre de cette discipline. L\u2019\u00e9l\u00e8ve qui le souhaite et en a les capacit\u00e9s peut poursuivre ses \u00e9tudes, par exemple en BTS&nbsp;CRCI.<\/p>\n\n\n\n<h3 class=\"wp-block-heading\"><strong><u>PR\u00c9REQUIS<\/u><\/strong><\/h3>\n\n\n\n<p>Les aptitudes indispensables pour s\u2019assurer une r\u00e9ussite et s\u2019\u00e9panouir au sein de cette fili\u00e8re sont&nbsp;:<\/p>\n\n\n\n<ul class=\"wp-block-list\">\n<li>Un go\u00fbt prononc\u00e9 pour le travail manuel.<\/li>\n\n\n\n<li>De bonnes bases en g\u00e9om\u00e9trie.<\/li>\n\n\n\n<li>Le sens du travail en \u00e9quipe.<\/li>\n\n\n\n<li>Une bonne organisation.<\/li>\n<\/ul>\n\n\n\n<p>\u00c0 tort, le Technicien en Chaudronnerie Industriel est consid\u00e9r\u00e9 comme une fonction exclusivement masculine. Les conditions de travail actuelles, l\u2019usage de machines \u00e0 commandes num\u00e9riques et l\u2019outil informatique rendent ce m\u00e9tier parfaitement accessible aux jeunes femmes.<\/p>\n","protected":false},"excerpt":{"rendered":"<p>Le Baccalaur\u00e9at Professionnel Technicien en Chaudronnerie Industrielle pr\u00e9pare l\u2019\u00e9l\u00e8ve \u00e0 exercer les m\u00e9tiers li\u00e9s \u00e0 la chaudronnerie et la tuyauterie<\/p>\n","protected":false},"author":3,"featured_media":0,"parent":0,"menu_order":3,"comment_status":"closed","ping_status":"closed","template":"","meta":{"footnotes":""},"class_list":["post-303","page","type-page","status-publish","hentry"],"_links":{"self":[{"href":"https:\/\/lyceejeanmace-vitry.fr\/index.php?rest_route=\/wp\/v2\/pages\/303","targetHints":{"allow":["GET"]}}],"collection":[{"href":"https:\/\/lyceejeanmace-vitry.fr\/index.php?rest_route=\/wp\/v2\/pages"}],"about":[{"href":"https:\/\/lyceejeanmace-vitry.fr\/index.php?rest_route=\/wp\/v2\/types\/page"}],"author":[{"embeddable":true,"href":"https:\/\/lyceejeanmace-vitry.fr\/index.php?rest_route=\/wp\/v2\/users\/3"}],"replies":[{"embeddable":true,"href":"https:\/\/lyceejeanmace-vitry.fr\/index.php?rest_route=%2Fwp%2Fv2%2Fcomments&post=303"}],"version-history":[{"count":2,"href":"https:\/\/lyceejeanmace-vitry.fr\/index.php?rest_route=\/wp\/v2\/pages\/303\/revisions"}],"predecessor-version":[{"id":722,"href":"https:\/\/lyceejeanmace-vitry.fr\/index.php?rest_route=\/wp\/v2\/pages\/303\/revisions\/722"}],"wp:attachment":[{"href":"https:\/\/lyceejeanmace-vitry.fr\/index.php?rest_route=%2Fwp%2Fv2%2Fmedia&parent=303"}],"curies":[{"name":"wp","href":"https:\/\/api.w.org\/{rel}","templated":true}]}}