{"id":305,"date":"2024-01-17T11:58:16","date_gmt":"2024-01-17T11:58:16","guid":{"rendered":"https:\/\/lyceejeanmace-vitry.fr\/?page_id=305"},"modified":"2024-11-04T12:43:33","modified_gmt":"2024-11-04T12:43:33","slug":"bac-pro-mspc","status":"publish","type":"page","link":"https:\/\/lyceejeanmace-vitry.fr\/?page_id=305","title":{"rendered":"BAC PRO MSPC"},"content":{"rendered":"\n<figure class=\"wp-block-embed is-type-video is-provider-youtube wp-block-embed-youtube wp-embed-aspect-16-9 wp-has-aspect-ratio\"><div class=\"wp-block-embed__wrapper\">\n<iframe loading=\"lazy\" title=\"Pr\u00e9sentation fili\u00e8re MSPC\" width=\"800\" height=\"450\" src=\"https:\/\/www.youtube.com\/embed\/5TZVaLLAGiQ?feature=oembed\" frameborder=\"0\" allow=\"accelerometer; autoplay; clipboard-write; encrypted-media; gyroscope; picture-in-picture; web-share\" referrerpolicy=\"strict-origin-when-cross-origin\" allowfullscreen><\/iframe>\n<\/div><\/figure>\n\n\n\n<p><strong><u>D\u00c9BOUCH\u00c9S &amp; M\u00c9TIERS<\/u><\/strong><\/p>\n\n\n\n<p><strong><em>Le Baccalaur\u00e9at professionnel de la fili\u00e8re Maintenance des Syst\u00e8mes de Production Connect\u00e9es forme l\u2019\u00e9l\u00e8ve \u00e0 la r\u00e9paration et au d\u00e9pannage des machines industrielles.<\/em><\/strong><\/p>\n\n\n\n<p>L\u2019agent de maintenance participe \u00e0 l\u2019installation et \u00e0 la mise en service des syst\u00e8mes automatis\u00e9s. Il intervient sur les \u00e9quipements industriels m\u00e9caniques fonctionnant avec les \u00e9nergies hydrauliques, pneumatique et \u00e9lectrique. Il programme en informatique le fonctionnement des syst\u00e8mes automatis\u00e9s et planifie la gestion des stocks de maintenance. Le titulaire du baccalaur\u00e9at professionnel MESPC peut occuper des emplois dans des domaines diversifi\u00e9s tels que&nbsp;: la production et le conditionnement de produits, les transports, les loisirs, la presse, les ascenseurs, etc. Le secteur MSPC&nbsp;a toujours une large gamme d\u2019emplois disponibles pour un technicien qui ma\u00eetrise plusieurs technologies.<\/p>\n\n\n\n<h3 class=\"wp-block-heading\"><strong><u>LA FORMATION<\/u><\/strong><\/h3>\n\n\n\n<p><em>La formation se d\u00e9roule sur une dur\u00e9e de 3 ans comprenant 22 semaines de p\u00e9riodes de formation en milieu professionnel.<\/em><\/p>\n\n\n\n<p>Au lyc\u00e9e, l\u2019\u00e9l\u00e8ve apprend \u00e0 r\u00e9aliser des op\u00e9rations de maintenance pr\u00e9ventives et correctives \u00e0 travers des travaux pratiques regroup\u00e9s par centres d\u2019int\u00e9r\u00eat. Il se pr\u00e9pare \u00e9galement aux \u00e9preuves pratiques. Ainsi, il analyse et pr\u00e9pare une activit\u00e9 de maintenance, intervient pour r\u00e9parer ou maintenir des machines, surveille, am\u00e9liore et modifie les \u00e9quipements, programme par ordinateur le fonctionnement des machines. L\u2019enseignement g\u00e9n\u00e9ral dans son ensemble contribue \u00e0 acqu\u00e9rir les savoirs associ\u00e9s \u00e0 la formation du technicien de maintenance en MSPC. En milieu professionnel, l\u2019\u00e9l\u00e8ve apprend \u00e0 ex\u00e9cuter des op\u00e9rations de surveillance et d\u2019inspection des machines et \u00e0 r\u00e9aliser des travaux d\u2019am\u00e9lioration ou de modification des syst\u00e8mes automatis\u00e9s. L\u2019\u00e9l\u00e8ve qui le souhaite et en a les capacit\u00e9s peut poursuivre ses \u00e9tudes, par exemple en BTS MS.<\/p>\n\n\n\n<h3 class=\"wp-block-heading\"><strong><u>PR\u00c9REQUIS<\/u><\/strong><\/h3>\n\n\n\n<p>Les aptitudes qui sont un plus pour cette formation&nbsp;:<\/p>\n\n\n\n<ul class=\"wp-block-list\">\n<li>un bon sens de l\u2019observation et de l\u2019analyse&nbsp;;<\/li>\n\n\n\n<li>un go\u00fbt prononc\u00e9 pour le travail manuel&nbsp;;<\/li>\n\n\n\n<li>une capacit\u00e9 \u00e0 travailler en \u00e9quipe sur un projet ou une intervention. La formation est ouverte \u00e0 un large public.<\/li>\n<\/ul>\n\n\n\n<p>N\u00e9anmoins, le comportement reste une donn\u00e9e essentielle. Quelques exemples de m\u00e9tiers&nbsp;:<\/p>\n\n\n\n<ul class=\"wp-block-list\">\n<li>Technicien en automatismes<\/li>\n\n\n\n<li>Technicien de maintenance des ascenseurs<\/li>\n\n\n\n<li>Technicien de maintenance en mat\u00e9riel \u00e9lectronique<\/li>\n<\/ul>\n","protected":false},"excerpt":{"rendered":"<p>D\u00c9BOUCH\u00c9S &amp; M\u00c9TIERS Le Baccalaur\u00e9at professionnel de la fili\u00e8re Maintenance des Syst\u00e8mes de Production Connect\u00e9es forme l\u2019\u00e9l\u00e8ve \u00e0 la r\u00e9paration<\/p>\n","protected":false},"author":3,"featured_media":0,"parent":0,"menu_order":3,"comment_status":"closed","ping_status":"closed","template":"","meta":{"footnotes":""},"class_list":["post-305","page","type-page","status-publish","hentry"],"_links":{"self":[{"href":"https:\/\/lyceejeanmace-vitry.fr\/index.php?rest_route=\/wp\/v2\/pages\/305","targetHints":{"allow":["GET"]}}],"collection":[{"href":"https:\/\/lyceejeanmace-vitry.fr\/index.php?rest_route=\/wp\/v2\/pages"}],"about":[{"href":"https:\/\/lyceejeanmace-vitry.fr\/index.php?rest_route=\/wp\/v2\/types\/page"}],"author":[{"embeddable":true,"href":"https:\/\/lyceejeanmace-vitry.fr\/index.php?rest_route=\/wp\/v2\/users\/3"}],"replies":[{"embeddable":true,"href":"https:\/\/lyceejeanmace-vitry.fr\/index.php?rest_route=%2Fwp%2Fv2%2Fcomments&post=305"}],"version-history":[{"count":3,"href":"https:\/\/lyceejeanmace-vitry.fr\/index.php?rest_route=\/wp\/v2\/pages\/305\/revisions"}],"predecessor-version":[{"id":723,"href":"https:\/\/lyceejeanmace-vitry.fr\/index.php?rest_route=\/wp\/v2\/pages\/305\/revisions\/723"}],"wp:attachment":[{"href":"https:\/\/lyceejeanmace-vitry.fr\/index.php?rest_route=%2Fwp%2Fv2%2Fmedia&parent=305"}],"curies":[{"name":"wp","href":"https:\/\/api.w.org\/{rel}","templated":true}]}}