{"id":308,"date":"2024-01-17T12:00:54","date_gmt":"2024-01-17T12:00:54","guid":{"rendered":"https:\/\/lyceejeanmace-vitry.fr\/?page_id=308"},"modified":"2025-03-10T12:30:29","modified_gmt":"2025-03-10T12:30:29","slug":"bac-pro-melec","status":"publish","type":"page","link":"https:\/\/lyceejeanmace-vitry.fr\/?page_id=308","title":{"rendered":"BAC PRO MELEC"},"content":{"rendered":"\n<figure class=\"wp-block-embed is-type-video is-provider-youtube wp-block-embed-youtube wp-embed-aspect-16-9 wp-has-aspect-ratio\"><div class=\"wp-block-embed__wrapper\">\n<iframe loading=\"lazy\" title=\"Pr\u00e9sentation fili\u00e8re MELEC au lyc\u00e9e Jean Mac\u00e9\" width=\"800\" height=\"450\" src=\"https:\/\/www.youtube.com\/embed\/cYmTxRjeacA?feature=oembed\" frameborder=\"0\" allow=\"accelerometer; autoplay; clipboard-write; encrypted-media; gyroscope; picture-in-picture; web-share\" referrerpolicy=\"strict-origin-when-cross-origin\" allowfullscreen><\/iframe>\n<\/div><\/figure>\n\n\n\n<p>Coloration \u00ab r\u00e9seaux \u00e9lectriques pour la transition \u00e9nerg\u00e9tique \u00bb<br><br><strong><u>D\u00c9BOUCH\u00c9S &amp; M\u00c9TIERS<\/u><\/strong><\/p>\n\n\n\n<p><strong><em>Le titulaire du Baccalaur\u00e9at Professionnel M.E.L.E.C. intervient dans la production, le transport, la distribution et la transformation de l\u2019\u00e9nergie \u00e9lectrique, du fait de l\u2019\u00e9volution des techniques et des technologies, il intervient \u00e9galement sur les r\u00e9seaux et \u00e9quipements destin\u00e9s \u00e0 transmettre des Informations ou ceux li\u00e9s \u00e0 la s\u00e9curit\u00e9 des personnes et des biens.<\/em><\/strong><\/p>\n\n\n\n<p>Ses activit\u00e9s s\u2019exercent dans la mise en \u0153uvre, l\u2019utilisation et la maintenance des installations \u00e9lectriques, courants forts et courants faibles. Avec l\u2019\u00e9volution des technologies, notamment \u00e9lectroniques et informatiques, il interviendra sur des r\u00e9seaux qui v\u00e9hiculent la voix, les donn\u00e9es et les images, ainsi que ceux concernant la s\u00e9curit\u00e9 des personnes et des biens. En tant que professionnel \u00e9lectricien, ses comp\u00e9tences lui permettront de travailler en toute autonomie ou de mener une \u00e9quipe en responsabilit\u00e9. Ses activit\u00e9s professionnelles consistent \u00e0 la pr\u00e9paration, la r\u00e9alisation, la livraison et le d\u00e9pannage des installations et des \u00e9quipements \u00e9lectriques. Dans le cadre des obligations fix\u00e9es par le Grenelle de l\u2019environnement, il adopte un comportement \u00e9co-responsable en mettant en \u0153uvre des solutions en faveur de l\u2019efficacit\u00e9 \u00e9nerg\u00e9tique des b\u00e2timents r\u00e9sidentiels et tertiaires, afin de r\u00e9pondre aux enjeux d\u2019aujourd\u2019hui et de demain.<\/p>\n\n\n\n<h3 class=\"wp-block-heading\"><strong><u>LA FORMATION<\/u><\/strong><\/h3>\n\n\n\n<p><em>La formation se d\u00e9roule sur une dur\u00e9e de 3 ans comprenant 22 semaines de p\u00e9riodes de formation en milieu professionnel.<\/em><\/p>\n\n\n\n<p>Au lyc\u00e9e, l\u2019enseignement est bas\u00e9 sur un solide socle professionnel.L\u2019enseignement g\u00e9n\u00e9ral garde une part importante dans La formation.La pluridisciplinarit\u00e9 est, par ailleurs, fr\u00e9quemment utilis\u00e9e et toutes Les mati\u00e8res peuvent \u00eatre amen\u00e9es \u00e0 \u00e9tudier un unique th\u00e8me de travail,g\u00e9n\u00e9ralement \u00e0 finalit\u00e9 professionnelle.<\/p>\n\n\n\n<p><strong>Durant cette formation, les \u00e9l\u00e8ves sont amen\u00e9s \u00e0&nbsp;:<\/strong><\/p>\n\n\n\n<ul class=\"wp-block-list\">\n<li>Pr\u00e9parer des op\u00e9rations de r\u00e9alisation, de mise en service et de maintenance&nbsp;;<\/li>\n\n\n\n<li>R\u00e9aliser des installations \u00e9lectriques&nbsp;;<\/li>\n\n\n\n<li>Mettre en service des installations \u00e9lectriques&nbsp;;<\/li>\n\n\n\n<li>R\u00e9aliser la maintenance d\u2019installations \u00e9lectriques&nbsp;;<\/li>\n\n\n\n<li>Respecter et mettre en \u0153uvre les r\u00e9glementations environnementales, de proposer des solutions techniques minimisant l\u2019impact sur l\u2019environnement.<\/li>\n<\/ul>\n\n\n\n<p><strong>Pour r\u00e9ussir dans cette formation&nbsp;:<\/strong><\/p>\n\n\n\n<ul class=\"wp-block-list\">\n<li>Faire preuve de curiosit\u00e9&nbsp;;<\/li>\n\n\n\n<li>S\u2018adapter \u00e0 l\u2019\u00e9volution des techniques, des technologies, des m\u00e9thodes et des mat\u00e9riels&nbsp;;<\/li>\n\n\n\n<li>Faire preuve d\u2019esprit d\u2019analyse et d\u2019initiative&nbsp;;<\/li>\n\n\n\n<li>Aimer travailler en \u00e9quipe&nbsp;;<\/li>\n\n\n\n<li>Respecter les exigences de sant\u00e9 et de s\u00e9curit\u00e9 au travail.<\/li>\n<\/ul>\n\n\n\n<p><\/p>\n\n\n\n<h3 class=\"wp-block-heading\"><strong><u>PR\u00c9REQUIS<\/u><\/strong><\/h3>\n\n\n\n<ul class=\"wp-block-list\">\n<li>Polyvalence et capacit\u00e9 d\u2019adaptation constituent les cl\u00e9s de la r\u00e9ussite.<\/li>\n\n\n\n<li>Le sens de la communication est \u00e9galement pr\u00e9cieux dans la relation avec les clients et l\u2019encadrement des \u00e9quipes.<\/li>\n\n\n\n<li>La rigueur est de mise, car l\u2019\u00e9lectricit\u00e9 exige une vigilance de tous les instants.<\/li>\n<\/ul>\n\n\n\n<h2 class=\"wp-block-heading\">Articles de cette rubrique<\/h2>\n\n\n\n<ul class=\"wp-block-list\">\n<li><strong>Electricien d\u2019\u00e9quipement<\/strong> Lesmetiers.net&nbsp;: Pour en savoir plus sur ce m\u00e9tier<\/li>\n\n\n\n<li><strong>Chef de chantier en installations \u00e9lectriques<\/strong> Lesmetiers.net&nbsp;: Pour en savoir plus sur ce m\u00e9tier<\/li>\n\n\n\n<li><strong>Vid\u00e9os<\/strong> L\u2019historique et les enjeux futurs de l\u2019\u00e9lectricit\u00e9 (RTE et ERDF Officiel)<br>Les m\u00e9tiers de l\u2019\u00e9lectricit\u00e9 (ERDF Officiel)<br>Les m\u00e9tiers de l\u2019\u00e9lectricit\u00e9 (lesm\u00e9tiers.net)<\/li>\n\n\n\n<li><strong>Technicien \u00e9lectrotechnicien<\/strong> Lesmetiers.net&nbsp;: Pour en savoir plus sur ce m\u00e9tier<\/li>\n<\/ul>\n\n\n\n<div data-wp-interactive=\"core\/file\" class=\"wp-block-file\"><object data-wp-bind--hidden=\"!state.hasPdfPreview\" hidden class=\"wp-block-file__embed\" data=\"https:\/\/lyceejeanmace-vitry.fr\/wp-content\/uploads\/2025\/03\/Coloration-ecoles-des-reseaux-_-Elements-de-langage-pour-les-sites-internet-des-etablissements-_-Bac-pro-MELEC-1.pdf\" type=\"application\/pdf\" style=\"width:100%;height:1110px\" aria-label=\"Contenu embarqu\u00e9 Coloration \u00e9coles des r\u00e9seaux _ El\u00e9ments de langage pour les sites internet des \u00e9tablissements _ Bac pro MELEC.\"><\/object><a id=\"wp-block-file--media-d8598dd3-5245-403a-a00f-46fc53fbc6d7\" href=\"https:\/\/lyceejeanmace-vitry.fr\/wp-content\/uploads\/2025\/03\/Coloration-ecoles-des-reseaux-_-Elements-de-langage-pour-les-sites-internet-des-etablissements-_-Bac-pro-MELEC-1.pdf\">Coloration \u00e9coles des r\u00e9seaux _ El\u00e9ments de langage pour les sites internet des \u00e9tablissements _ Bac pro MELEC<\/a><a href=\"https:\/\/lyceejeanmace-vitry.fr\/wp-content\/uploads\/2025\/03\/Coloration-ecoles-des-reseaux-_-Elements-de-langage-pour-les-sites-internet-des-etablissements-_-Bac-pro-MELEC-1.pdf\" class=\"wp-block-file__button wp-element-button\" download aria-describedby=\"wp-block-file--media-d8598dd3-5245-403a-a00f-46fc53fbc6d7\">T\u00e9l\u00e9charger<\/a><\/div>\n","protected":false},"excerpt":{"rendered":"<p>Coloration \u00ab r\u00e9seaux \u00e9lectriques pour la transition \u00e9nerg\u00e9tique \u00bb D\u00c9BOUCH\u00c9S &amp; M\u00c9TIERS Le titulaire du Baccalaur\u00e9at Professionnel M.E.L.E.C. intervient dans<\/p>\n","protected":false},"author":3,"featured_media":0,"parent":0,"menu_order":3,"comment_status":"closed","ping_status":"closed","template":"","meta":{"footnotes":""},"class_list":["post-308","page","type-page","status-publish","hentry"],"_links":{"self":[{"href":"https:\/\/lyceejeanmace-vitry.fr\/index.php?rest_route=\/wp\/v2\/pages\/308","targetHints":{"allow":["GET"]}}],"collection":[{"href":"https:\/\/lyceejeanmace-vitry.fr\/index.php?rest_route=\/wp\/v2\/pages"}],"about":[{"href":"https:\/\/lyceejeanmace-vitry.fr\/index.php?rest_route=\/wp\/v2\/types\/page"}],"author":[{"embeddable":true,"href":"https:\/\/lyceejeanmace-vitry.fr\/index.php?rest_route=\/wp\/v2\/users\/3"}],"replies":[{"embeddable":true,"href":"https:\/\/lyceejeanmace-vitry.fr\/index.php?rest_route=%2Fwp%2Fv2%2Fcomments&post=308"}],"version-history":[{"count":5,"href":"https:\/\/lyceejeanmace-vitry.fr\/index.php?rest_route=\/wp\/v2\/pages\/308\/revisions"}],"predecessor-version":[{"id":825,"href":"https:\/\/lyceejeanmace-vitry.fr\/index.php?rest_route=\/wp\/v2\/pages\/308\/revisions\/825"}],"wp:attachment":[{"href":"https:\/\/lyceejeanmace-vitry.fr\/index.php?rest_route=%2Fwp%2Fv2%2Fmedia&parent=308"}],"curies":[{"name":"wp","href":"https:\/\/api.w.org\/{rel}","templated":true}]}}