{"id":310,"date":"2024-01-17T12:01:47","date_gmt":"2024-01-17T12:01:47","guid":{"rendered":"https:\/\/lyceejeanmace-vitry.fr\/?page_id=310"},"modified":"2024-01-17T12:01:47","modified_gmt":"2024-01-17T12:01:47","slug":"cap-electricien-en-1-an","status":"publish","type":"page","link":"https:\/\/lyceejeanmace-vitry.fr\/?page_id=310","title":{"rendered":"CAP Electricien en 1 an"},"content":{"rendered":"\n<p>Un CAP en 1 an est propos\u00e9\u00a0:<br>Pour les \u00e9l\u00e8ves en d\u00e9crochage scolaire<br>Pour ceux qui veulent int\u00e9grer rapidement le monde du travail dans un secteur qui recrute<br>Apr\u00e8s l\u2019obtention de ce dipl\u00f4me, il est possible de passer en premi\u00e8re ann\u00e9e du bac professionnel MELEC pour continuer ses\u00a0(&#8230;)<\/p>\n","protected":false},"excerpt":{"rendered":"<p>Un CAP en 1 an est propos\u00e9\u00a0:Pour les \u00e9l\u00e8ves en d\u00e9crochage scolairePour ceux qui veulent int\u00e9grer rapidement le monde du<\/p>\n","protected":false},"author":3,"featured_media":0,"parent":0,"menu_order":3,"comment_status":"closed","ping_status":"closed","template":"","meta":{"footnotes":""},"class_list":["post-310","page","type-page","status-publish","hentry"],"_links":{"self":[{"href":"https:\/\/lyceejeanmace-vitry.fr\/index.php?rest_route=\/wp\/v2\/pages\/310","targetHints":{"allow":["GET"]}}],"collection":[{"href":"https:\/\/lyceejeanmace-vitry.fr\/index.php?rest_route=\/wp\/v2\/pages"}],"about":[{"href":"https:\/\/lyceejeanmace-vitry.fr\/index.php?rest_route=\/wp\/v2\/types\/page"}],"author":[{"embeddable":true,"href":"https:\/\/lyceejeanmace-vitry.fr\/index.php?rest_route=\/wp\/v2\/users\/3"}],"replies":[{"embeddable":true,"href":"https:\/\/lyceejeanmace-vitry.fr\/index.php?rest_route=%2Fwp%2Fv2%2Fcomments&post=310"}],"version-history":[{"count":1,"href":"https:\/\/lyceejeanmace-vitry.fr\/index.php?rest_route=\/wp\/v2\/pages\/310\/revisions"}],"predecessor-version":[{"id":311,"href":"https:\/\/lyceejeanmace-vitry.fr\/index.php?rest_route=\/wp\/v2\/pages\/310\/revisions\/311"}],"wp:attachment":[{"href":"https:\/\/lyceejeanmace-vitry.fr\/index.php?rest_route=%2Fwp%2Fv2%2Fmedia&parent=310"}],"curies":[{"name":"wp","href":"https:\/\/api.w.org\/{rel}","templated":true}]}}