{"id":384,"date":"2024-02-06T13:19:05","date_gmt":"2024-02-06T13:19:05","guid":{"rendered":"https:\/\/lyceejeanmace-vitry.fr\/?page_id=384"},"modified":"2024-02-07T08:25:29","modified_gmt":"2024-02-07T08:25:29","slug":"la-cantine","status":"publish","type":"page","link":"https:\/\/lyceejeanmace-vitry.fr\/?page_id=384","title":{"rendered":"La cantine"},"content":{"rendered":"\n<p><strong>Pour les \u00e9l\u00e8ves et les professeurs :<\/strong><\/p>\n\n\n\n<p>Le menu, la r\u00e9servation de repas et le paiement se font depuis <strong>Pronote<\/strong> sur l&#8217;\u00e9cran d&#8217;accueil.<\/p>\n\n\n\n<figure class=\"wp-block-image size-large\"><img loading=\"lazy\" decoding=\"async\" width=\"1024\" height=\"529\" src=\"https:\/\/lyceejeanmace-vitry.fr\/wp-content\/uploads\/2024\/02\/pronote-grand-1-1024x529.png\" alt=\"\" class=\"wp-image-392\" srcset=\"https:\/\/lyceejeanmace-vitry.fr\/wp-content\/uploads\/2024\/02\/pronote-grand-1-1024x529.png 1024w, https:\/\/lyceejeanmace-vitry.fr\/wp-content\/uploads\/2024\/02\/pronote-grand-1-300x155.png 300w, https:\/\/lyceejeanmace-vitry.fr\/wp-content\/uploads\/2024\/02\/pronote-grand-1-768x397.png 768w, https:\/\/lyceejeanmace-vitry.fr\/wp-content\/uploads\/2024\/02\/pronote-grand-1-1536x794.png 1536w, https:\/\/lyceejeanmace-vitry.fr\/wp-content\/uploads\/2024\/02\/pronote-grand-1-2048x1059.png 2048w\" sizes=\"auto, (max-width: 1024px) 100vw, 1024px\" \/><\/figure>\n\n\n\n<p><strong>Pour le personnel n\u2019ayant pas acc\u00e8s \u00e0 Pronote :<\/strong><\/p>\n\n\n\n<div class=\"wp-block-group is-nowrap is-layout-flex wp-container-core-group-is-layout-6c531013 wp-block-group-is-layout-flex\">\n<p> Il faut demander vos identifiants et se connecter sur la plateforme Arc-en-Self en cliquant ici<\/p>\n\n\n\n<div class=\"wp-block-buttons is-content-justification-center is-layout-flex wp-container-core-buttons-is-layout-a89b3969 wp-block-buttons-is-layout-flex\">\n<div class=\"wp-block-button\"><a class=\"wp-block-button__link has-text-align-center wp-element-button\" href=\"https:\/\/webparent.paiementdp.com\/aliAuthentification.php?site=aes00177\">Arc-en-Self<\/a><\/div>\n<\/div>\n<\/div>\n","protected":false},"excerpt":{"rendered":"<p>Pour les \u00e9l\u00e8ves et les professeurs : Le menu, la r\u00e9servation de repas et le paiement se font depuis Pronote<\/p>\n","protected":false},"author":3,"featured_media":0,"parent":0,"menu_order":1,"comment_status":"closed","ping_status":"closed","template":"","meta":{"footnotes":""},"class_list":["post-384","page","type-page","status-publish","hentry"],"_links":{"self":[{"href":"https:\/\/lyceejeanmace-vitry.fr\/index.php?rest_route=\/wp\/v2\/pages\/384","targetHints":{"allow":["GET"]}}],"collection":[{"href":"https:\/\/lyceejeanmace-vitry.fr\/index.php?rest_route=\/wp\/v2\/pages"}],"about":[{"href":"https:\/\/lyceejeanmace-vitry.fr\/index.php?rest_route=\/wp\/v2\/types\/page"}],"author":[{"embeddable":true,"href":"https:\/\/lyceejeanmace-vitry.fr\/index.php?rest_route=\/wp\/v2\/users\/3"}],"replies":[{"embeddable":true,"href":"https:\/\/lyceejeanmace-vitry.fr\/index.php?rest_route=%2Fwp%2Fv2%2Fcomments&post=384"}],"version-history":[{"count":7,"href":"https:\/\/lyceejeanmace-vitry.fr\/index.php?rest_route=\/wp\/v2\/pages\/384\/revisions"}],"predecessor-version":[{"id":396,"href":"https:\/\/lyceejeanmace-vitry.fr\/index.php?rest_route=\/wp\/v2\/pages\/384\/revisions\/396"}],"wp:attachment":[{"href":"https:\/\/lyceejeanmace-vitry.fr\/index.php?rest_route=%2Fwp%2Fv2%2Fmedia&parent=384"}],"curies":[{"name":"wp","href":"https:\/\/api.w.org\/{rel}","templated":true}]}}