{"id":398,"date":"2024-02-26T10:02:03","date_gmt":"2024-02-26T10:02:03","guid":{"rendered":"https:\/\/lyceejeanmace-vitry.fr\/?page_id=398"},"modified":"2024-10-10T07:49:16","modified_gmt":"2024-10-10T07:49:16","slug":"erasmus","status":"publish","type":"page","link":"https:\/\/lyceejeanmace-vitry.fr\/?page_id=398","title":{"rendered":"Erasmus au lyc\u00e9e Jean-Mac\u00e9"},"content":{"rendered":"\n<div class=\"wp-block-group is-layout-constrained wp-block-group-is-layout-constrained\">\n<figure class=\"wp-block-image alignright size-full is-resized\"><img loading=\"lazy\" decoding=\"async\" width=\"530\" height=\"528\" src=\"https:\/\/lyceejeanmace-vitry.fr\/wp-content\/uploads\/2024\/02\/Erasmus-.png\" alt=\"\" class=\"wp-image-406\" style=\"width:280px;height:auto\" srcset=\"https:\/\/lyceejeanmace-vitry.fr\/wp-content\/uploads\/2024\/02\/Erasmus-.png 530w, https:\/\/lyceejeanmace-vitry.fr\/wp-content\/uploads\/2024\/02\/Erasmus--300x300.png 300w, https:\/\/lyceejeanmace-vitry.fr\/wp-content\/uploads\/2024\/02\/Erasmus--150x150.png 150w\" sizes=\"auto, (max-width: 530px) 100vw, 530px\" \/><\/figure>\n<\/div>\n\n\n\n<p>Votre lyc\u00e9e est habilit\u00e9 \u00e0 financer des actions Erasmus+ pour tous les \u00e9l\u00e8ves de la voie professionnelle \u00e9tudiants de BTS durant le nouveau programme 2021-2027.<br>En lien avec l\u2019Agence Erasmus+ France, le lyc\u00e9e a obtenu l\u2019accr\u00e9ditation professionnelle (EFP) et la Charte ECHE qui lui permettront de d\u00e9poser des demandes de bourses au financement europ\u00e9en pour des stages professionnels \u00e0 l\u2019\u00e9tranger \u00e0 destination des \u00e9l\u00e8ves de la voie professionnelle, des \u00e9tudiants de BTS et des personnels du lyc\u00e9e.<br><br>Notre projet d\u2019\u00e9tablissement d\u2019\u00e9ducation pr\u00e9sente un axe ouverture vers l\u2019international depuis 2011 et s\u2019inscrit ainsi dans le Projet Acad\u00e9mique de Cr\u00e9teil (troisi\u00e8me axe : Engager les \u00e9l\u00e8ves \u00e0 s\u2019ouvrir au monde : citoyennet\u00e9, culture sport, mobilit\u00e9 internationale) qui s\u2019engage \u00e0 d\u00e9velopper des projets partenariaux de mobilit\u00e9 interdisciplinaires et transversaux, reposant sur un travail collaboratif pour d\u00e9velopper des comp\u00e9tences linguistiques, interculturelles, professionnelles, num\u00e9riques.<br><br>Mails de contact : <br><br>Lago-Ballesteros Susana : <a href=\"mailto:Susana.Lago-Ballesteros@ac-creteil.fr\">Susana.Lago-Ballesteros@ac-creteil.fr<\/a>\u00a0<br>Olivier Marc Magali : <a href=\"mailto:Magali.Marc@ac-creteil.fr\">Magali.Marc@ac-creteil.fr<\/a>,<br>Laurence: <a href=\"mailto:Laurence.Olivier1@ac-creteil.fr\">Laurence.Olivier1@ac-creteil.fr<\/a><br>Richaud-Mammeri Kahina: <a href=\"mailto:Kahina.Mammeri@ac-creteil.fr\">Kahina.Mammeri@ac-creteil.fr<\/a><br>Toure Dari: <a href=\"mailto:Dari.Toure@ac-creteil.fr\">Dari.Toure@ac-creteil.fr<\/a><\/p>\n\n\n\n<p><br>Aujourd\u2019hui, nous cherchons \u00e0 rendre nos actions coh\u00e9rentes et \u00e0 redynamiser l\u2019ouverture \u00e0 l\u2019international de notre \u00e9tablissement d\u2019\u00e9ducation sup\u00e9rieure \u00e0 travers l\u2019obtention de l\u2019accr\u00e9ditation EFP et de la charte ERASMUS +<\/p>\n\n\n\n<p>Notre strat\u00e9gie ERASMUS + s\u2019articule autour de trois grands axes principaux&nbsp;:<\/p>\n\n\n\n<ol class=\"wp-block-list\">\n<li>Moderniser et amplifier l\u2019offre de mobilit\u00e9s existantes&nbsp;;<\/li>\n\n\n\n<li>Associer les personnels et \u00e9tudiants de BTS&nbsp;;<\/li>\n\n\n\n<li>Penser les enjeux majeurs.<\/li>\n<\/ol>\n\n\n\n<p>Vous trouverez le d\u00e9tail de notre strat\u00e9gie ERASMUS + dans le PDF ci-dessous<\/p>\n\n\n\n<div data-wp-interactive=\"core\/file\" class=\"wp-block-file\"><object data-wp-bind--hidden=\"!state.hasPdfPreview\" hidden class=\"wp-block-file__embed\" data=\"https:\/\/lyceejeanmace-vitry.fr\/wp-content\/uploads\/2024\/02\/Strategie-erasmus-lycee.pdf\" type=\"application\/pdf\" style=\"width:100%;height:970px\" aria-label=\"Contenu embarqu\u00e9 Strategie-erasmus-lycee.\"><\/object><a id=\"wp-block-file--media-2f578261-9857-415a-a45d-c4adb463a912\" href=\"https:\/\/lyceejeanmace-vitry.fr\/wp-content\/uploads\/2024\/02\/Strategie-erasmus-lycee.pdf\">Strategie-erasmus-lycee<\/a><a href=\"https:\/\/lyceejeanmace-vitry.fr\/wp-content\/uploads\/2024\/02\/Strategie-erasmus-lycee.pdf\" class=\"wp-block-file__button wp-element-button\" download aria-describedby=\"wp-block-file--media-2f578261-9857-415a-a45d-c4adb463a912\">T\u00e9l\u00e9charger<\/a><\/div>\n\n\n\n<div data-wp-interactive=\"core\/file\" class=\"wp-block-file\"><object data-wp-bind--hidden=\"!state.hasPdfPreview\" hidden class=\"wp-block-file__embed\" data=\"https:\/\/lyceejeanmace-vitry.fr\/wp-content\/uploads\/2024\/02\/ERASMUS-ListedesEtatsmembres.pdf\" type=\"application\/pdf\" style=\"width:100%;height:1140px\" aria-label=\"Contenu embarqu\u00e9 ERASMUS-ListedesEtatsmembres.\"><\/object><a id=\"wp-block-file--media-41917817-851b-41c4-975f-1242baaec4ec\" href=\"https:\/\/lyceejeanmace-vitry.fr\/wp-content\/uploads\/2024\/02\/ERASMUS-ListedesEtatsmembres.pdf\">ERASMUS-ListedesEtatsmembres<\/a><a href=\"https:\/\/lyceejeanmace-vitry.fr\/wp-content\/uploads\/2024\/02\/ERASMUS-ListedesEtatsmembres.pdf\" class=\"wp-block-file__button wp-element-button\" download aria-describedby=\"wp-block-file--media-41917817-851b-41c4-975f-1242baaec4ec\">T\u00e9l\u00e9charger<\/a><\/div>\n\n\n\n<div data-wp-interactive=\"core\/file\" class=\"wp-block-file\"><object data-wp-bind--hidden=\"!state.hasPdfPreview\" hidden class=\"wp-block-file__embed\" data=\"https:\/\/lyceejeanmace-vitry.fr\/wp-content\/uploads\/2024\/02\/Erasmus-Charter-for-Higher-Education.pdf\" type=\"application\/pdf\" style=\"width:100%;height:1500px\" aria-label=\"Contenu embarqu\u00e9 Erasmus-Charter-for-Higher-Education.\"><\/object><a id=\"wp-block-file--media-1c86409e-a874-4464-90ea-3984aa7b3e7a\" href=\"https:\/\/lyceejeanmace-vitry.fr\/wp-content\/uploads\/2024\/02\/Erasmus-Charter-for-Higher-Education.pdf\">Erasmus-Charter-for-Higher-Education<\/a><a href=\"https:\/\/lyceejeanmace-vitry.fr\/wp-content\/uploads\/2024\/02\/Erasmus-Charter-for-Higher-Education.pdf\" class=\"wp-block-file__button wp-element-button\" download aria-describedby=\"wp-block-file--media-1c86409e-a874-4464-90ea-3984aa7b3e7a\">T\u00e9l\u00e9charger<\/a><\/div>\n","protected":false},"excerpt":{"rendered":"<p>Votre lyc\u00e9e est habilit\u00e9 \u00e0 financer des actions Erasmus+ pour tous les \u00e9l\u00e8ves de la voie professionnelle \u00e9tudiants de BTS<\/p>\n","protected":false},"author":3,"featured_media":0,"parent":0,"menu_order":4,"comment_status":"closed","ping_status":"closed","template":"","meta":{"footnotes":""},"class_list":["post-398","page","type-page","status-publish","hentry"],"_links":{"self":[{"href":"https:\/\/lyceejeanmace-vitry.fr\/index.php?rest_route=\/wp\/v2\/pages\/398","targetHints":{"allow":["GET"]}}],"collection":[{"href":"https:\/\/lyceejeanmace-vitry.fr\/index.php?rest_route=\/wp\/v2\/pages"}],"about":[{"href":"https:\/\/lyceejeanmace-vitry.fr\/index.php?rest_route=\/wp\/v2\/types\/page"}],"author":[{"embeddable":true,"href":"https:\/\/lyceejeanmace-vitry.fr\/index.php?rest_route=\/wp\/v2\/users\/3"}],"replies":[{"embeddable":true,"href":"https:\/\/lyceejeanmace-vitry.fr\/index.php?rest_route=%2Fwp%2Fv2%2Fcomments&post=398"}],"version-history":[{"count":6,"href":"https:\/\/lyceejeanmace-vitry.fr\/index.php?rest_route=\/wp\/v2\/pages\/398\/revisions"}],"predecessor-version":[{"id":691,"href":"https:\/\/lyceejeanmace-vitry.fr\/index.php?rest_route=\/wp\/v2\/pages\/398\/revisions\/691"}],"wp:attachment":[{"href":"https:\/\/lyceejeanmace-vitry.fr\/index.php?rest_route=%2Fwp%2Fv2%2Fmedia&parent=398"}],"curies":[{"name":"wp","href":"https:\/\/api.w.org\/{rel}","templated":true}]}}