{"id":419,"date":"2024-03-02T14:32:45","date_gmt":"2024-03-02T14:32:45","guid":{"rendered":"https:\/\/lyceejeanmace-vitry.fr\/?page_id=419"},"modified":"2024-03-02T14:32:45","modified_gmt":"2024-03-02T14:32:45","slug":"seconde-gt","status":"publish","type":"page","link":"https:\/\/lyceejeanmace-vitry.fr\/?page_id=419","title":{"rendered":"Seconde GT"},"content":{"rendered":"\n<p>La seconde g\u00e9n\u00e9rale et technologique <\/p>\n\n\n\n<p><strong>La Seconde GT, c\u2019est quoi ?<\/strong><\/p>\n\n\n\n<p>La classe de seconde g\u00e9n\u00e9rale et technologique est une classe de d\u00e9termination, c\u2019est-\u00e0-dire qu\u2019au troisi\u00e8me trimestre, il faut choisir une orientation pour la classe de premi\u00e8re.<\/p>\n\n\n\n<p>Des enseignements optionnels sont propos\u00e9s pour faire ce choix en connaissance de cause.<\/p>\n\n\n\n<p>Le choix d\u2019un enseignement optionnel ne pr\u00e9juge pas de la poursuite d\u2019\u00e9tudes en premi\u00e8re.<\/p>\n\n\n\n<p><strong>L\u2019emploi du temps est divis\u00e9 en deux parties<\/strong><\/p>\n\n\n\n<p><strong>Des enseignements communs :<\/strong><\/p>\n\n\n\n<figure class=\"wp-block-image size-full is-resized\"><img loading=\"lazy\" decoding=\"async\" width=\"768\" height=\"491\" src=\"https:\/\/lyceejeanmace-vitry.fr\/wp-content\/uploads\/2024\/03\/tableau-heures-2GT.webp\" alt=\"\" class=\"wp-image-420\" style=\"width:498px;height:auto\" srcset=\"https:\/\/lyceejeanmace-vitry.fr\/wp-content\/uploads\/2024\/03\/tableau-heures-2GT.webp 768w, https:\/\/lyceejeanmace-vitry.fr\/wp-content\/uploads\/2024\/03\/tableau-heures-2GT-300x192.webp 300w\" sizes=\"auto, (max-width: 768px) 100vw, 768px\" \/><\/figure>\n\n\n\n<p><strong>Des enseignements optionnels<\/strong> :<\/p>\n","protected":false},"excerpt":{"rendered":"<p>La seconde g\u00e9n\u00e9rale et technologique La Seconde GT, c\u2019est quoi ? La classe de seconde g\u00e9n\u00e9rale et technologique est une<\/p>\n","protected":false},"author":3,"featured_media":0,"parent":0,"menu_order":4,"comment_status":"closed","ping_status":"closed","template":"","meta":{"footnotes":""},"class_list":["post-419","page","type-page","status-publish","hentry"],"_links":{"self":[{"href":"https:\/\/lyceejeanmace-vitry.fr\/index.php?rest_route=\/wp\/v2\/pages\/419","targetHints":{"allow":["GET"]}}],"collection":[{"href":"https:\/\/lyceejeanmace-vitry.fr\/index.php?rest_route=\/wp\/v2\/pages"}],"about":[{"href":"https:\/\/lyceejeanmace-vitry.fr\/index.php?rest_route=\/wp\/v2\/types\/page"}],"author":[{"embeddable":true,"href":"https:\/\/lyceejeanmace-vitry.fr\/index.php?rest_route=\/wp\/v2\/users\/3"}],"replies":[{"embeddable":true,"href":"https:\/\/lyceejeanmace-vitry.fr\/index.php?rest_route=%2Fwp%2Fv2%2Fcomments&post=419"}],"version-history":[{"count":1,"href":"https:\/\/lyceejeanmace-vitry.fr\/index.php?rest_route=\/wp\/v2\/pages\/419\/revisions"}],"predecessor-version":[{"id":421,"href":"https:\/\/lyceejeanmace-vitry.fr\/index.php?rest_route=\/wp\/v2\/pages\/419\/revisions\/421"}],"wp:attachment":[{"href":"https:\/\/lyceejeanmace-vitry.fr\/index.php?rest_route=%2Fwp%2Fv2%2Fmedia&parent=419"}],"curies":[{"name":"wp","href":"https:\/\/api.w.org\/{rel}","templated":true}]}}