{"id":422,"date":"2024-03-02T14:47:08","date_gmt":"2024-03-02T14:47:08","guid":{"rendered":"https:\/\/lyceejeanmace-vitry.fr\/?page_id=422"},"modified":"2024-11-04T12:50:40","modified_gmt":"2024-11-04T12:50:40","slug":"baccalaureat-general","status":"publish","type":"page","link":"https:\/\/lyceejeanmace-vitry.fr\/?page_id=422","title":{"rendered":"Baccalaur\u00e9at g\u00e9n\u00e9ral"},"content":{"rendered":"\n<h2 class=\"wp-block-heading\"><strong>Le baccalaur\u00e9at g\u00e9n\u00e9ral c\u2019est quoi ?<\/strong><\/h2>\n\n\n\n<p>Le baccalaur\u00e9at g\u00e9n\u00e9ral s\u2019adresse \u00e0 des \u00e9l\u00e8ves ayant un bon niveau g\u00e9n\u00e9ral.<\/p>\n\n\n\n<p>Le parcours se compose d\u2019enseignements communs, d\u2019enseignements de sp\u00e9cialit\u00e9 et d\u2019enseignements optionnels.<\/p>\n\n\n\n<p>Les enseignements communs permettent d\u2019acqu\u00e9rir les bases communes.<\/p>\n\n\n\n<p>Les enseignements de sp\u00e9cialit\u00e9 (trois au choix en premi\u00e8re, deux en terminale) permettent d\u2019approfondir les disciplines et de pr\u00e9parer l\u2019orientation.<\/p>\n\n\n\n<p>Il est possible de choisir un enseignement optionnel en premi\u00e8re et jusqu\u2019\u00e0 deux en terminale.<\/p>\n\n\n\n<h2 class=\"wp-block-heading\"><strong>Les enseignements communs<\/strong><\/h2>\n\n\n\n<p>\u00c0 raison de 16 h par semaine en premi\u00e8re et de 15 h 30 en terminale, les enseignements communs sont les suivants :<\/p>\n\n\n\n<figure class=\"wp-block-image size-full is-resized\"><img loading=\"lazy\" decoding=\"async\" width=\"1024\" height=\"341\" src=\"https:\/\/lyceejeanmace-vitry.fr\/wp-content\/uploads\/2024\/03\/bac-gen-ens-commun.webp\" alt=\"\" class=\"wp-image-423\" style=\"width:703px;height:auto\" srcset=\"https:\/\/lyceejeanmace-vitry.fr\/wp-content\/uploads\/2024\/03\/bac-gen-ens-commun.webp 1024w, https:\/\/lyceejeanmace-vitry.fr\/wp-content\/uploads\/2024\/03\/bac-gen-ens-commun-300x100.webp 300w, https:\/\/lyceejeanmace-vitry.fr\/wp-content\/uploads\/2024\/03\/bac-gen-ens-commun-768x256.webp 768w\" sizes=\"auto, (max-width: 1024px) 100vw, 1024px\" \/><\/figure>\n\n\n\n<h2 class=\"wp-block-heading\"><strong>Les enseignements de sp\u00e9cialit\u00e9<\/strong><\/h2>\n\n\n\n<p>Au lyc\u00e9e Jean Mac\u00e9, les sp\u00e9cialit\u00e9s suivantes sont propos\u00e9es : <\/p>\n\n\n\n<figure class=\"wp-block-image size-large\"><img loading=\"lazy\" decoding=\"async\" width=\"1024\" height=\"287\" src=\"https:\/\/lyceejeanmace-vitry.fr\/wp-content\/uploads\/2024\/03\/image-4-1024x287.png\" alt=\"\" class=\"wp-image-431\" srcset=\"https:\/\/lyceejeanmace-vitry.fr\/wp-content\/uploads\/2024\/03\/image-4-1024x287.png 1024w, https:\/\/lyceejeanmace-vitry.fr\/wp-content\/uploads\/2024\/03\/image-4-300x84.png 300w, https:\/\/lyceejeanmace-vitry.fr\/wp-content\/uploads\/2024\/03\/image-4-768x215.png 768w, https:\/\/lyceejeanmace-vitry.fr\/wp-content\/uploads\/2024\/03\/image-4-1536x431.png 1536w, https:\/\/lyceejeanmace-vitry.fr\/wp-content\/uploads\/2024\/03\/image-4-2048x575.png 2048w\" sizes=\"auto, (max-width: 1024px) 100vw, 1024px\" \/><\/figure>\n\n\n\n<p>Voici des plaquettes de pr\u00e9sentation des sp\u00e9cialit\u00e9s faites par les enseignants du lyc\u00e9e Jean Mac\u00e9 :<\/p>\n\n\n\n<div class=\"wp-block-file\"><a id=\"wp-block-file--media-ce01108e-1a9a-4a4d-9439-0e41eed2f27b\" href=\"https:\/\/lyceejeanmace-vitry.fr\/wp-content\/uploads\/2024\/03\/Histoire-Geographie-Geopolitique-et-Sciences-Politiques-HGGSP.pdf\">Histoire-Geographie-Geopolitique-et-Sciences-Politiques-HGGSP<\/a><a href=\"https:\/\/lyceejeanmace-vitry.fr\/wp-content\/uploads\/2024\/03\/Histoire-Geographie-Geopolitique-et-Sciences-Politiques-HGGSP.pdf\" class=\"wp-block-file__button wp-element-button\" download aria-describedby=\"wp-block-file--media-ce01108e-1a9a-4a4d-9439-0e41eed2f27b\">T\u00e9l\u00e9charger<\/a><\/div>\n\n\n\n<div class=\"wp-block-file\"><a id=\"wp-block-file--media-0341bffb-3238-44c5-884e-82f7ed5ca2bf\" href=\"https:\/\/lyceejeanmace-vitry.fr\/wp-content\/uploads\/2024\/03\/Humanites-Litterature-et-Philosophie-HLP.pdf\">Humanites-Litterature-et-Philosophie-HLP<\/a><a href=\"https:\/\/lyceejeanmace-vitry.fr\/wp-content\/uploads\/2024\/03\/Humanites-Litterature-et-Philosophie-HLP.pdf\" class=\"wp-block-file__button wp-element-button\" download aria-describedby=\"wp-block-file--media-0341bffb-3238-44c5-884e-82f7ed5ca2bf\">T\u00e9l\u00e9charger<\/a><\/div>\n\n\n\n<div class=\"wp-block-file\"><a id=\"wp-block-file--media-1f5add33-0817-47dd-ba0f-0a8bcde6484d\" href=\"https:\/\/lyceejeanmace-vitry.fr\/wp-content\/uploads\/2024\/03\/Langues-Litteratures-Cultures-Etrangeres-LLCE.pdf\">Langues-Litteratures-Cultures-Etrangeres-LLCE<\/a><a href=\"https:\/\/lyceejeanmace-vitry.fr\/wp-content\/uploads\/2024\/03\/Langues-Litteratures-Cultures-Etrangeres-LLCE.pdf\" class=\"wp-block-file__button wp-element-button\" download aria-describedby=\"wp-block-file--media-1f5add33-0817-47dd-ba0f-0a8bcde6484d\">T\u00e9l\u00e9charger<\/a><\/div>\n\n\n\n<div class=\"wp-block-file\"><a id=\"wp-block-file--media-93c3727a-9ff4-45a5-a932-bee91f42a034\" href=\"https:\/\/lyceejeanmace-vitry.fr\/wp-content\/uploads\/2024\/03\/Physique-Chimie-PHY.pdf\">Physique-Chimie-PHY<\/a><a href=\"https:\/\/lyceejeanmace-vitry.fr\/wp-content\/uploads\/2024\/03\/Physique-Chimie-PHY.pdf\" class=\"wp-block-file__button wp-element-button\" download aria-describedby=\"wp-block-file--media-93c3727a-9ff4-45a5-a932-bee91f42a034\">T\u00e9l\u00e9charger<\/a><\/div>\n\n\n\n<div class=\"wp-block-file\"><a id=\"wp-block-file--media-f43de58c-1086-4191-a9bf-181e01fb5938\" href=\"https:\/\/lyceejeanmace-vitry.fr\/wp-content\/uploads\/2024\/03\/Sciences-de-lIngenieur-SI.pdf\">Sciences-de-l-Ingenieur-SI<\/a><a href=\"https:\/\/lyceejeanmace-vitry.fr\/wp-content\/uploads\/2024\/03\/Sciences-de-lIngenieur-SI.pdf\" class=\"wp-block-file__button wp-element-button\" download aria-describedby=\"wp-block-file--media-f43de58c-1086-4191-a9bf-181e01fb5938\">T\u00e9l\u00e9charger<\/a><\/div>\n\n\n\n<p>Une vid\u00e9o de pr\u00e9sentation de la sp\u00e9cialit\u00e9 SI est disponible \u00e0 cette adresse : <a href=\"https:\/\/youtu.be\/osOtpY1J7f0\">https:\/\/youtu.be\/osOtpY1J7f0<\/a><\/p>\n\n\n\n<h2 class=\"wp-block-heading\"><strong>Les enseignements optionnels<\/strong><\/h2>\n\n\n\n<p>Le choix d\u2019un enseignement optionnel en premi\u00e8re et la possibilit\u00e9 de deux en terminale, \u00e0 raison de 3 h par semaine, permet de compl\u00e9ter la pr\u00e9paration au baccalaur\u00e9at.<br>Au lyc\u00e9e Jean Mac\u00e9, les enseignements optionnels suivants sont propos\u00e9s :<\/p>\n\n\n\n<div class=\"wp-block-file\"><a id=\"wp-block-file--media-39293a67-96e6-4e60-951d-5a996a140d58\" href=\"https:\/\/lyceejeanmace-vitry.fr\/wp-content\/uploads\/2024\/05\/presentation_dgemc.pptx\">Droit et Grands Enjeux du Monde Contemporain<\/a><a href=\"https:\/\/lyceejeanmace-vitry.fr\/wp-content\/uploads\/2024\/05\/presentation_dgemc.pptx\" class=\"wp-block-file__button wp-element-button\" download aria-describedby=\"wp-block-file--media-39293a67-96e6-4e60-951d-5a996a140d58\">T\u00e9l\u00e9charger<\/a><\/div>\n\n\n\n<p>Math\u00e9matiques compl\u00e9mentaires<\/p>\n\n\n\n<p>Math\u00e9matiques expertes<\/p>\n","protected":false},"excerpt":{"rendered":"<p>Le baccalaur\u00e9at g\u00e9n\u00e9ral c\u2019est quoi ? Le baccalaur\u00e9at g\u00e9n\u00e9ral s\u2019adresse \u00e0 des \u00e9l\u00e8ves ayant un bon niveau g\u00e9n\u00e9ral. Le parcours<\/p>\n","protected":false},"author":3,"featured_media":0,"parent":0,"menu_order":4,"comment_status":"closed","ping_status":"closed","template":"","meta":{"footnotes":""},"class_list":["post-422","page","type-page","status-publish","hentry"],"_links":{"self":[{"href":"https:\/\/lyceejeanmace-vitry.fr\/index.php?rest_route=\/wp\/v2\/pages\/422","targetHints":{"allow":["GET"]}}],"collection":[{"href":"https:\/\/lyceejeanmace-vitry.fr\/index.php?rest_route=\/wp\/v2\/pages"}],"about":[{"href":"https:\/\/lyceejeanmace-vitry.fr\/index.php?rest_route=\/wp\/v2\/types\/page"}],"author":[{"embeddable":true,"href":"https:\/\/lyceejeanmace-vitry.fr\/index.php?rest_route=\/wp\/v2\/users\/3"}],"replies":[{"embeddable":true,"href":"https:\/\/lyceejeanmace-vitry.fr\/index.php?rest_route=%2Fwp%2Fv2%2Fcomments&post=422"}],"version-history":[{"count":20,"href":"https:\/\/lyceejeanmace-vitry.fr\/index.php?rest_route=\/wp\/v2\/pages\/422\/revisions"}],"predecessor-version":[{"id":726,"href":"https:\/\/lyceejeanmace-vitry.fr\/index.php?rest_route=\/wp\/v2\/pages\/422\/revisions\/726"}],"wp:attachment":[{"href":"https:\/\/lyceejeanmace-vitry.fr\/index.php?rest_route=%2Fwp%2Fv2%2Fmedia&parent=422"}],"curies":[{"name":"wp","href":"https:\/\/api.w.org\/{rel}","templated":true}]}}