{"id":585,"date":"2024-06-14T08:40:38","date_gmt":"2024-06-14T08:40:38","guid":{"rendered":"https:\/\/lyceejeanmace-vitry.fr\/?page_id=585"},"modified":"2025-09-02T06:04:43","modified_gmt":"2025-09-02T06:04:43","slug":"perte-de-votre-mot-de-passe","status":"publish","type":"page","link":"https:\/\/lyceejeanmace-vitry.fr\/?page_id=585","title":{"rendered":"Que faire en cas de perte de mot de passe ?"},"content":{"rendered":"\n<p><strong>1. Pour l\u2019ENT (<a class=\"\" href=\"https:\/\/monlycee.net\/\">https:\/\/monlycee.net\/<\/a>)<\/strong><\/p>\n\n\n\n<ul class=\"wp-block-list\">\n<li>En cas de perte de votre mot de passe, utilisez la proc\u00e9dure \u00ab Mot de passe oubli\u00e9 \u00bb directement sur le site <a class=\"\" href=\"https:\/\/monlycee.net\/\">https:\/\/monlycee.net\/<\/a>.<\/li>\n\n\n\n<li><strong>Pensez \u00e0 v\u00e9rifier vos spams<\/strong> : le lien de r\u00e9initialisation peut s\u2019y trouver.<\/li>\n\n\n\n<li>Si la proc\u00e9dure ne fonctionne pas, rendez-vous au <strong>secr\u00e9tariat des \u00e9l\u00e8ves<\/strong>, o\u00f9 un nouveau code vous sera communiqu\u00e9.<\/li>\n\n\n\n<li>Une fois reconnect\u00e9, pensez \u00e0 <strong>renseigner une adresse mail valide<\/strong> dans votre compte pour faciliter les prochaines r\u00e9cup\u00e9rations.<\/li>\n<\/ul>\n\n\n\n<p><strong>2. Pour la connexion aux ordinateurs du lyc\u00e9e (IUC et mot de passe)<\/strong><\/p>\n\n\n\n<p>En cas de perte de votre <strong>IUC<\/strong> ou de votre <strong>mot de passe<\/strong>, demandez \u00e0 votre <strong>professeur<\/strong>, qui pourra vous fournir votre identifiant et\/ou un nouveau mot de passe d\u2019activation.<br>Pour fonctionner vous devez r\u00e9activer votre mot de passe en vous rendant dans l\u2019onglet <strong>Support informatique<\/strong>, puis <strong>Activation de votre IUC<\/strong>.<\/p>\n\n\n\n<p>Vous pouvez faire cette activation sur un <strong>smartphone<\/strong> ou <strong>depuis chez vous<\/strong>.<\/p>\n\n\n\n<p><\/p>\n","protected":false},"excerpt":{"rendered":"<p>1. Pour l\u2019ENT (https:\/\/monlycee.net\/) 2. Pour la connexion aux ordinateurs du lyc\u00e9e (IUC et mot de passe) En cas de<\/p>\n","protected":false},"author":3,"featured_media":0,"parent":0,"menu_order":6,"comment_status":"closed","ping_status":"closed","template":"","meta":{"footnotes":""},"class_list":["post-585","page","type-page","status-publish","hentry"],"_links":{"self":[{"href":"https:\/\/lyceejeanmace-vitry.fr\/index.php?rest_route=\/wp\/v2\/pages\/585","targetHints":{"allow":["GET"]}}],"collection":[{"href":"https:\/\/lyceejeanmace-vitry.fr\/index.php?rest_route=\/wp\/v2\/pages"}],"about":[{"href":"https:\/\/lyceejeanmace-vitry.fr\/index.php?rest_route=\/wp\/v2\/types\/page"}],"author":[{"embeddable":true,"href":"https:\/\/lyceejeanmace-vitry.fr\/index.php?rest_route=\/wp\/v2\/users\/3"}],"replies":[{"embeddable":true,"href":"https:\/\/lyceejeanmace-vitry.fr\/index.php?rest_route=%2Fwp%2Fv2%2Fcomments&post=585"}],"version-history":[{"count":6,"href":"https:\/\/lyceejeanmace-vitry.fr\/index.php?rest_route=\/wp\/v2\/pages\/585\/revisions"}],"predecessor-version":[{"id":865,"href":"https:\/\/lyceejeanmace-vitry.fr\/index.php?rest_route=\/wp\/v2\/pages\/585\/revisions\/865"}],"wp:attachment":[{"href":"https:\/\/lyceejeanmace-vitry.fr\/index.php?rest_route=%2Fwp%2Fv2%2Fmedia&parent=585"}],"curies":[{"name":"wp","href":"https:\/\/api.w.org\/{rel}","templated":true}]}}