{"id":593,"date":"2024-06-21T14:29:28","date_gmt":"2024-06-21T14:29:28","guid":{"rendered":"https:\/\/lyceejeanmace-vitry.fr\/?page_id=593"},"modified":"2024-07-01T08:10:21","modified_gmt":"2024-07-01T08:10:21","slug":"tutoriels-moodle","status":"publish","type":"page","link":"https:\/\/lyceejeanmace-vitry.fr\/?page_id=593","title":{"rendered":"Tutoriels Moodle"},"content":{"rendered":"\n<h2 class=\"wp-block-heading\">1  Moodle c\u2019est quoi ?<\/h2>\n\n\n\n<figure class=\"wp-block-embed is-type-video is-provider-youtube wp-block-embed-youtube wp-embed-aspect-16-9 wp-has-aspect-ratio\"><div class=\"wp-block-embed__wrapper\">\n<iframe loading=\"lazy\" title=\"Moodle c&#039;est quoi ?\" width=\"800\" height=\"450\" src=\"https:\/\/www.youtube.com\/embed\/tUXK_TCdyuM?feature=oembed\" frameborder=\"0\" allow=\"accelerometer; autoplay; clipboard-write; encrypted-media; gyroscope; picture-in-picture; web-share\" referrerpolicy=\"strict-origin-when-cross-origin\" allowfullscreen><\/iframe>\n<\/div><\/figure>\n\n\n\n<h2 class=\"wp-block-heading\">2 Cr\u00e9ation de votre cours et inscription des \u00e9l\u00e8ves<\/h2>\n\n\n\n<figure class=\"wp-block-embed is-type-video is-provider-youtube wp-block-embed-youtube wp-embed-aspect-16-9 wp-has-aspect-ratio\"><div class=\"wp-block-embed__wrapper\">\n<iframe loading=\"lazy\" title=\"Cr\u00e9ation d&#039;un cours et ajouter des utilisateurs dans Moodle\" width=\"800\" height=\"450\" src=\"https:\/\/www.youtube.com\/embed\/mQWV6083r1o?feature=oembed\" frameborder=\"0\" allow=\"accelerometer; autoplay; clipboard-write; encrypted-media; gyroscope; picture-in-picture; web-share\" referrerpolicy=\"strict-origin-when-cross-origin\" allowfullscreen><\/iframe>\n<\/div><\/figure>\n\n\n\n<p><\/p>\n\n\n\n<p><\/p>\n\n\n\n<h2 class=\"wp-block-heading\">3 gestion du cours et cr\u00e9ation d\u2019un test<\/h2>\n\n\n\n<figure class=\"wp-block-embed is-type-video is-provider-youtube wp-block-embed-youtube wp-embed-aspect-16-9 wp-has-aspect-ratio\"><div class=\"wp-block-embed__wrapper\">\n<iframe loading=\"lazy\" title=\"G\u00e9rer son cours et cr\u00e9er un test dans Moodle\" width=\"800\" height=\"450\" src=\"https:\/\/www.youtube.com\/embed\/xrUYJfyWEh8?start=1&#038;feature=oembed\" frameborder=\"0\" allow=\"accelerometer; autoplay; clipboard-write; encrypted-media; gyroscope; picture-in-picture; web-share\" referrerpolicy=\"strict-origin-when-cross-origin\" allowfullscreen><\/iframe>\n<\/div><\/figure>\n\n\n\n<h2 class=\"wp-block-heading\">4 Cr\u00e9ation de question<\/h2>\n\n\n\n<figure class=\"wp-block-embed is-type-video is-provider-youtube wp-block-embed-youtube wp-embed-aspect-16-9 wp-has-aspect-ratio\"><div class=\"wp-block-embed__wrapper\">\n<iframe loading=\"lazy\" title=\"Cr\u00e9er une question dans Moodle\" width=\"800\" height=\"450\" src=\"https:\/\/www.youtube.com\/embed\/hQ7scJOULJU?start=1&#038;feature=oembed\" frameborder=\"0\" allow=\"accelerometer; autoplay; clipboard-write; encrypted-media; gyroscope; picture-in-picture; web-share\" referrerpolicy=\"strict-origin-when-cross-origin\" allowfullscreen><\/iframe>\n<\/div><\/figure>\n\n\n\n<h2 class=\"wp-block-heading\">5 Stack<\/h2>\n\n\n\n<p>Lien vers le serveur de d\u00e9monstration <a href=\"https:\/\/stack-demo.maths.ed.ac.uk\/demo\/login\/index.php\">https:\/\/stack-demo.maths.ed.ac.uk\/demo\/login\/index.php<\/a><\/p>\n\n\n\n<p>Lien vers la documentation <a href=\"https:\/\/docs.stack-assessment.org\/en\/\">https:\/\/docs.stack-assessment.org\/en\/<\/a><\/p>\n\n\n\n<h3 class=\"wp-block-heading\">5.1 Stack a quoi \u00e7a sert ?<\/h3>\n\n\n\n<figure class=\"wp-block-embed is-type-video is-provider-youtube wp-block-embed-youtube wp-embed-aspect-16-9 wp-has-aspect-ratio\"><div class=\"wp-block-embed__wrapper\">\n<iframe loading=\"lazy\" title=\"Moodle : Pr\u00e9sentation de Stack\" width=\"800\" height=\"450\" src=\"https:\/\/www.youtube.com\/embed\/juEE97kPkbo?feature=oembed\" frameborder=\"0\" allow=\"accelerometer; autoplay; clipboard-write; encrypted-media; gyroscope; picture-in-picture; web-share\" referrerpolicy=\"strict-origin-when-cross-origin\" allowfullscreen><\/iframe>\n<\/div><\/figure>\n\n\n\n<h3 class=\"wp-block-heading\">5.2 Cr\u00e9er une question STACK<\/h3>\n\n\n\n<figure class=\"wp-block-embed is-type-video is-provider-youtube wp-block-embed-youtube wp-embed-aspect-16-9 wp-has-aspect-ratio\"><div class=\"wp-block-embed__wrapper\">\n<iframe loading=\"lazy\" title=\"Moodle : Cr\u00e9er une question avec Stack\" width=\"800\" height=\"450\" src=\"https:\/\/www.youtube.com\/embed\/R2Wh8RP8_iY?feature=oembed\" frameborder=\"0\" allow=\"accelerometer; autoplay; clipboard-write; encrypted-media; gyroscope; picture-in-picture; web-share\" referrerpolicy=\"strict-origin-when-cross-origin\" allowfullscreen><\/iframe>\n<\/div><\/figure>\n\n\n\n<h2 class=\"wp-block-heading\">6 Moodle et LateX<\/h2>\n\n\n\n<p>Editeur Latex <a href=\"https:\/\/latex.codecogs.com\/eqneditor\/editor.php\">https:\/\/latex.codecogs.com\/eqneditor\/editor.php<\/a><\/p>\n\n\n\n<p>Code Htlml <a href=\"https:\/\/docs.stack-assessment.org\/en\/Reference\/HTML\/\">https:\/\/docs.stack-assessment.org\/en\/Reference\/HTML\/<\/a><\/p>\n\n\n\n<p>Outils Stack dans moodle <a href=\"https:\/\/moodle.lyceejeanmace-vitry.fr\/login\/index.php\">https:\/\/moodle.lyceejeanmace-vitry.fr\/login\/index.php<\/a><\/p>\n\n\n\n<figure class=\"wp-block-embed is-provider-youtube wp-block-embed-youtube wp-embed-aspect-16-9 wp-has-aspect-ratio\"><div class=\"wp-block-embed__wrapper\">\n<iframe loading=\"lazy\" title=\"Moodle et LateX\" width=\"800\" height=\"450\" src=\"https:\/\/www.youtube.com\/embed\/87jGYhIKbY4?feature=oembed\" frameborder=\"0\" allow=\"accelerometer; autoplay; clipboard-write; encrypted-media; gyroscope; picture-in-picture; web-share\" referrerpolicy=\"strict-origin-when-cross-origin\" allowfullscreen><\/iframe>\n<\/div><\/figure>\n","protected":false},"excerpt":{"rendered":"<p>1 Moodle c\u2019est quoi ? 2 Cr\u00e9ation de votre cours et inscription des \u00e9l\u00e8ves 3 gestion du cours et cr\u00e9ation<\/p>\n","protected":false},"author":3,"featured_media":0,"parent":0,"menu_order":0,"comment_status":"closed","ping_status":"closed","template":"","meta":{"footnotes":""},"class_list":["post-593","page","type-page","status-publish","hentry"],"_links":{"self":[{"href":"https:\/\/lyceejeanmace-vitry.fr\/index.php?rest_route=\/wp\/v2\/pages\/593","targetHints":{"allow":["GET"]}}],"collection":[{"href":"https:\/\/lyceejeanmace-vitry.fr\/index.php?rest_route=\/wp\/v2\/pages"}],"about":[{"href":"https:\/\/lyceejeanmace-vitry.fr\/index.php?rest_route=\/wp\/v2\/types\/page"}],"author":[{"embeddable":true,"href":"https:\/\/lyceejeanmace-vitry.fr\/index.php?rest_route=\/wp\/v2\/users\/3"}],"replies":[{"embeddable":true,"href":"https:\/\/lyceejeanmace-vitry.fr\/index.php?rest_route=%2Fwp%2Fv2%2Fcomments&post=593"}],"version-history":[{"count":7,"href":"https:\/\/lyceejeanmace-vitry.fr\/index.php?rest_route=\/wp\/v2\/pages\/593\/revisions"}],"predecessor-version":[{"id":608,"href":"https:\/\/lyceejeanmace-vitry.fr\/index.php?rest_route=\/wp\/v2\/pages\/593\/revisions\/608"}],"wp:attachment":[{"href":"https:\/\/lyceejeanmace-vitry.fr\/index.php?rest_route=%2Fwp%2Fv2%2Fmedia&parent=593"}],"curies":[{"name":"wp","href":"https:\/\/api.w.org\/{rel}","templated":true}]}}