{"id":76,"date":"2023-09-29T16:12:16","date_gmt":"2023-09-29T16:12:16","guid":{"rendered":"https:\/\/lyceejeanmace-vitry.fr\/?page_id=76"},"modified":"2024-10-08T19:22:41","modified_gmt":"2024-10-08T19:22:41","slug":"le-reglement-interieur","status":"publish","type":"page","link":"https:\/\/lyceejeanmace-vitry.fr\/?page_id=76","title":{"rendered":"Le r\u00e8glement int\u00e9rieur"},"content":{"rendered":"\n<div data-wp-interactive=\"core\/file\" class=\"wp-block-file\"><object data-wp-bind--hidden=\"!state.hasPdfPreview\" hidden class=\"wp-block-file__embed\" data=\"https:\/\/lyceejeanmace-vitry.fr\/wp-content\/uploads\/2024\/10\/rint.pdf\" type=\"application\/pdf\" style=\"width:100%;height:950px\" aria-label=\"Contenu embarqu\u00e9 r\u00e8glement int\u00e9rieur.\"><\/object><a id=\"wp-block-file--media-a88f61e0-3978-4e9b-a54f-210e088afc45\" href=\"https:\/\/lyceejeanmace-vitry.fr\/wp-content\/uploads\/2024\/10\/rint.pdf\">r\u00e8glement int\u00e9rieur<\/a><a href=\"https:\/\/lyceejeanmace-vitry.fr\/wp-content\/uploads\/2024\/10\/rint.pdf\" class=\"wp-block-file__button wp-element-button\" download aria-describedby=\"wp-block-file--media-a88f61e0-3978-4e9b-a54f-210e088afc45\">T\u00e9l\u00e9charger<\/a><\/div>\n\n\n\n<p><\/p>\n","protected":false},"excerpt":{"rendered":"","protected":false},"author":3,"featured_media":0,"parent":0,"menu_order":1,"comment_status":"closed","ping_status":"closed","template":"","meta":{"footnotes":""},"class_list":["post-76","page","type-page","status-publish","hentry"],"_links":{"self":[{"href":"https:\/\/lyceejeanmace-vitry.fr\/index.php?rest_route=\/wp\/v2\/pages\/76","targetHints":{"allow":["GET"]}}],"collection":[{"href":"https:\/\/lyceejeanmace-vitry.fr\/index.php?rest_route=\/wp\/v2\/pages"}],"about":[{"href":"https:\/\/lyceejeanmace-vitry.fr\/index.php?rest_route=\/wp\/v2\/types\/page"}],"author":[{"embeddable":true,"href":"https:\/\/lyceejeanmace-vitry.fr\/index.php?rest_route=\/wp\/v2\/users\/3"}],"replies":[{"embeddable":true,"href":"https:\/\/lyceejeanmace-vitry.fr\/index.php?rest_route=%2Fwp%2Fv2%2Fcomments&post=76"}],"version-history":[{"count":6,"href":"https:\/\/lyceejeanmace-vitry.fr\/index.php?rest_route=\/wp\/v2\/pages\/76\/revisions"}],"predecessor-version":[{"id":690,"href":"https:\/\/lyceejeanmace-vitry.fr\/index.php?rest_route=\/wp\/v2\/pages\/76\/revisions\/690"}],"wp:attachment":[{"href":"https:\/\/lyceejeanmace-vitry.fr\/index.php?rest_route=%2Fwp%2Fv2%2Fmedia&parent=76"}],"curies":[{"name":"wp","href":"https:\/\/api.w.org\/{rel}","templated":true}]}}