{"id":840,"date":"2025-05-05T15:34:31","date_gmt":"2025-05-05T15:34:31","guid":{"rendered":"https:\/\/lyceejeanmace-vitry.fr\/?page_id=840"},"modified":"2025-10-02T07:22:00","modified_gmt":"2025-10-02T07:22:00","slug":"incident-avec-un-ordinateur-portable-unowhy","status":"publish","type":"page","link":"https:\/\/lyceejeanmace-vitry.fr\/?page_id=840","title":{"rendered":"Incident avec un ordinateur portable (Unowhy)"},"content":{"rendered":"\n<p>La plupart des probl\u00e8mes sur les ordinateurs peuvent \u00eatre r\u00e9gl\u00e9s directement via le chat du fabricant Unowhy ouvert du lundi au vendredi 9h \u00e0 18h sans interruption en p\u00e9riode scolaire \u00e0 cette adresse :\u00a0<br><br>https:\/\/iledefrance-unowhy.com\/assistance\/<br><br>Pour se connecter sur l\u2019ordinateur Y13 version la premi\u00e8re fois, <strong>il faut qu\u2019il soit connect\u00e9 \u00e0 Internet<\/strong>.<br><br>\u2022<strong>Si votre compte Monlyc\u00e9e.net est activ\u00e9<\/strong>, cliquez sur la session \u201cAutre utilisateur \u201d\u00a0en bas \u00e0 gauche et renseignez : votreidentifiant@monlycee.net et votre mot de passe ENT.<\/p>\n","protected":false},"excerpt":{"rendered":"<p>La plupart des probl\u00e8mes sur les ordinateurs peuvent \u00eatre r\u00e9gl\u00e9s directement via le chat du fabricant Unowhy ouvert du lundi<\/p>\n","protected":false},"author":3,"featured_media":0,"parent":0,"menu_order":0,"comment_status":"closed","ping_status":"closed","template":"","meta":{"footnotes":""},"class_list":["post-840","page","type-page","status-publish","hentry"],"_links":{"self":[{"href":"https:\/\/lyceejeanmace-vitry.fr\/index.php?rest_route=\/wp\/v2\/pages\/840","targetHints":{"allow":["GET"]}}],"collection":[{"href":"https:\/\/lyceejeanmace-vitry.fr\/index.php?rest_route=\/wp\/v2\/pages"}],"about":[{"href":"https:\/\/lyceejeanmace-vitry.fr\/index.php?rest_route=\/wp\/v2\/types\/page"}],"author":[{"embeddable":true,"href":"https:\/\/lyceejeanmace-vitry.fr\/index.php?rest_route=\/wp\/v2\/users\/3"}],"replies":[{"embeddable":true,"href":"https:\/\/lyceejeanmace-vitry.fr\/index.php?rest_route=%2Fwp%2Fv2%2Fcomments&post=840"}],"version-history":[{"count":2,"href":"https:\/\/lyceejeanmace-vitry.fr\/index.php?rest_route=\/wp\/v2\/pages\/840\/revisions"}],"predecessor-version":[{"id":903,"href":"https:\/\/lyceejeanmace-vitry.fr\/index.php?rest_route=\/wp\/v2\/pages\/840\/revisions\/903"}],"wp:attachment":[{"href":"https:\/\/lyceejeanmace-vitry.fr\/index.php?rest_route=%2Fwp%2Fv2%2Fmedia&parent=840"}],"curies":[{"name":"wp","href":"https:\/\/api.w.org\/{rel}","templated":true}]}}